{"id":946,"date":"2024-07-25T07:25:17","date_gmt":"2024-07-25T07:25:17","guid":{"rendered":"https:\/\/nathyrealty.com\/?page_id=946"},"modified":"2024-07-25T07:28:34","modified_gmt":"2024-07-25T07:28:34","slug":"terms-and-conditions-of-use-for-the-nathy-realty-platform","status":"publish","type":"page","link":"https:\/\/nathyrealty.com\/fr\/terms-and-conditions-of-use-for-the-nathy-realty-platform\/","title":{"rendered":"TERMES ET CONDITIONS D'UTILISATION DE LA PLATEFORME NATHY REALTY"},"content":{"rendered":"<div data-elementor-type=\"wp-page\" data-elementor-id=\"946\" class=\"elementor elementor-946\" data-elementor-post-type=\"page\">\n\t\t\t\t<div class=\"elementor-element elementor-element-47056937 e-flex e-con-boxed e-con e-parent\" data-id=\"47056937\" data-element_type=\"container\">\n\t\t\t\t\t<div class=\"e-con-inner\">\n\t\t\t\t<div class=\"elementor-element elementor-element-32851ef elementor-widget elementor-widget-heading\" data-id=\"32851ef\" data-element_type=\"widget\" data-widget_type=\"heading.default\">\n\t\t\t\t<div class=\"elementor-widget-container\">\n\t\t\t\t\t<h2 class=\"elementor-heading-title elementor-size-default\">TERMES ET CONDITIONS D'UTILISATION DE LA PLATEFORME NATHY REALTY<\/h2>\t\t\t\t<\/div>\n\t\t\t\t<\/div>\n\t\t\t\t<div class=\"elementor-element elementor-element-22a3f958 elementor-widget elementor-widget-text-editor\" data-id=\"22a3f958\" data-element_type=\"widget\" data-widget_type=\"text-editor.default\">\n\t\t\t\t<div class=\"elementor-widget-container\">\n\t\t\t\t\t\t\t\t\t\n<p class=\"p1\">Les Termes et Conditions d'Utilisation suivants r\u00e9gissent le contrat \u00e9tabli entre SunOnline LLC, dont le si\u00e8ge social est situ\u00e9 au 30 N Gould St Ste R, Sheridan WY 82801, USA, courriel contact@nathyrealty.com (ci-apr\u00e8s d\u00e9nomm\u00e9 SunOnline), l'Utilisateur du site web (ci-apr\u00e8s d\u00e9nomm\u00e9 l'UTILISATEUR), et l'Annonceur du site web (ci-apr\u00e8s d\u00e9nomm\u00e9 l'ANNONCEUR).<\/p>\n<p class=\"p1\"><strong>GLOSSAIRE<\/strong><\/p>\n<p class=\"p1\">Aux fins de ces termes et conditions, les termes suivants auront la signification suivante :<\/p>\n<p class=\"p1\">Annonceur : toute personne physique ou entit\u00e9 l\u00e9gale qui fait la promotion d'un bien immobilier via la plateforme NATHY REALTY.<\/p>\n<p class=\"p1\">Bien Immobilier : tout ce qui est attach\u00e9 \u00e0 la terre ou aux b\u00e2timents et constructions de mani\u00e8re fixe et permanente.<\/p>\n<p class=\"p1\">Passerelle de Paiement : service d'un fournisseur de services de commerce \u00e9lectronique autorisant les paiements pour les commerces en ligne, les ventes en ligne au d\u00e9tail, les entreprises ayant une pr\u00e9sence physique et en ligne simultan\u00e9ment, ou les entreprises traditionnelles. Pour ce contrat, les paiements seront effectu\u00e9s via la passerelle de paiement <a href=\"https:\/\/stripe.com\">https:\/\/stripe.com<\/a>.<\/p>\n<p class=\"p1\">Politique de Confidentialit\u00e9 : politique de la plateforme NATHY REALTY r\u00e9gissant le traitement et le traitement des donn\u00e9es personnelles de l'UTILISATEUR et de l'ANNONCEUR, consultable sur le Site Web.<\/p>\n<p class=\"p1\">Service d'Information de Contact : bo\u00eete aux lettres num\u00e9rique permettant de demander plus d'informations ou un contact direct de la part de l'Annonceur. Les informations d\u00e9pos\u00e9es via cette bo\u00eete ne seront pas conserv\u00e9es par la plateforme NATHY REALTY mais pourront \u00eatre conserv\u00e9es et utilis\u00e9es par l'Annonceur.<\/p>\n<p class=\"p1\">Site Web : ensemble de contenus num\u00e9riques et de pages en code HTML disponibles via l'URL : Lien officiel manquant, accessibles par l'ANNONCEUR ou tout UTILISATEUR via leur navigateur, que ce soit depuis un ordinateur de bureau ou un appareil mobile.<\/p>\n<p class=\"p1\">NATHY REALTY : plateforme technologique disponible via l'URL : Lien officiel manquant, destin\u00e9e \u00e0 la promotion de services professionnels de biens immobiliers \u00e0 vendre dans une zone g\u00e9ographique d\u00e9termin\u00e9e, disponible en version Web accessible via des navigateurs.<\/p>\n<p class=\"p1\">Utilisateur : toute personne physique ayant acc\u00e8s \u00e0 la plateforme NATHY REALTY, ainsi qu'\u00e0 son contenu et \u00e0 ses informations.<\/p>\n<p class=\"p1\"><strong>1. D\u00c9CLARATIONS ET PORT\u00c9E DE CES TERMES ET CONDITIONS D'UTILISATION<\/strong><\/p>\n<p class=\"p1\"><strong>1.1<\/strong> SunOnline est une entreprise d\u00e9di\u00e9e au d\u00e9veloppement de la plateforme technologique en ligne, NATHY REALTY, qui connecte les Utilisateurs et les Annonceurs de services professionnels ainsi que de biens immobiliers \u00e0 vendre.<\/p>\n<p class=\"p1\"><strong>1.2<\/strong>\u00a0L'Utilisateur et l'Annonceur d\u00e9clarent comprendre et accepter volontairement, sans limitation ou restriction, les Termes et Conditions d'Utilisation et de Contrat suivants, ainsi que les autres politiques et principes incorpor\u00e9s dans ceux-ci, avant de naviguer et d'acc\u00e9der \u00e0 la plateforme NATHY REALTY.<\/p>\n<p class=\"p1\"><strong>1.3<\/strong>\u00a0SunOnline met \u00e0 disposition de l'Annonceur et de l'Utilisateur les normes, r\u00e9glementations et conditions r\u00e9gissant le fonctionnement et l'utilisation de la plateforme NATHY REALTY, permettant \u00e0 l'Annonceur de promouvoir ses services ou la vente ou la location de biens immobiliers, et permettant \u00e0 l'Utilisateur d'acc\u00e9der aux informations sur les biens et services annonc\u00e9s. Toute personne n'acceptant pas ces Termes et Conditions d'Utilisation, obligatoires et contraignants, doit s'abstenir d'utiliser la plateforme NATHY REALTY.<\/p>\n<p class=\"p1\"><strong>1.4<\/strong>\u00a0L'Utilisateur et l'Annonceur acceptent que cliquer sur la case d'ACCEPTATION avant de proc\u00e9der \u00e0 l'inscription ou \u00e0 l'envoi d'informations ou de donn\u00e9es personnelles sera consid\u00e9r\u00e9 comme une signature \u00e9lectronique ou un consentement \u00e9lectronique (accord click-wrap), indiquant leur consentement \u00e0 ce qui est stipul\u00e9 dans ce contrat concernant l'utilisation de la plateforme Nathy Realty.<\/p>\n<p class=\"p1\"><strong>1.5 <\/strong>L'Utilisateur n'a pas besoin de s'inscrire pour acc\u00e9der aux informations sur les biens immobiliers annonc\u00e9s sur la plateforme Nathy Realty, ainsi qu'aux informations de contact des Annonceurs.<\/p>\n<p class=\"p1\"><strong>1.6<\/strong>\u00a0Pour utiliser la plateforme Nathy Realty, l'Utilisateur et l'Annonceur d\u00e9clarent \u00eatre majeurs. L'Annonceur doit fournir ses donn\u00e9es personnelles dans le formulaire d'inscription sur le Site Web. En s'inscrivant et en utilisant la plateforme Nathy Realty, l'ANNONCEUR s'engage \u00e0 respecter les pr\u00e9sents TERMES ET CONDITIONS D'UTILISATION et les documents suivants qui font partie int\u00e9grante de ces Termes et Conditions d'Utilisation :<\/p>\n<p class=\"p1 translation-block\">Code de Conduite et R\u00e8gles de la Plateforme Nathy realty (www.nathyrealty.com).<\/p>\n<p class=\"p1 translation-block\">Politique de Confidentialit\u00e9 et de Protection des Donn\u00e9es Personnelles (www.nathyrealty.com).<\/p>\n<p class=\"p1\"><strong>2. \u00c0 PROPOS DE LA PLATEFORME SOLDVENDIDO ET DE SES FONCTIONNALIT\u00c9S<\/strong><\/p>\n<p class=\"p1 translation-block\">2.1- Nathy relty est une plateforme web disponible via l'URL (www.nathyrealty.com) incluant les fonctionnalit\u00e9s suivantes pour l'ANNONCEUR, de mani\u00e8re indicative et discr\u00e9tionnaire par SunOnline :<\/p>\n<p class=\"p1\">Publication et Promotion de services professionnels et vente de biens immobiliers.<\/p>\n<p class=\"p1\">Publication de descriptions, informations suppl\u00e9mentaires, images et vid\u00e9os des biens immobiliers.<\/p>\n<p class=\"p1\">Bo\u00eete aux lettres de contact pour recevoir des demandes d'information ou de contact de la part de l'Utilisateur.<\/p>\n<p class=\"p1\"><strong>2.2<\/strong>\u00a0L'ANNONCEUR ne peut avoir qu'un seul compte avec Nathy Realty.<\/p>\n<p class=\"p1 translation-block\">2.3 Soldvendido est une plateforme disponible via un site web (www.nathyrealty.com) incluant les fonctionnalit\u00e9s suivantes pour l'UTILISATEUR, de mani\u00e8re indicative et discr\u00e9tionnaire par SunOnline :<\/p>\n<p class=\"p1\">Acc\u00e8s \u00e0 des informations sur les services professionnels et les biens immobiliers \u00e0 vendre annonc\u00e9s par des tiers sur Nathy Realty en tant qu'Annonceurs.<\/p>\n<p class=\"p1\">Acc\u00e8s aux descriptions, informations suppl\u00e9mentaires, images et vid\u00e9os des services offerts ou des biens immobiliers.<\/p>\n<p class=\"p1\">Bo\u00eete aux lettres de contact pour demander des informations suppl\u00e9mentaires ou un contact de la part de l'Annonceur.<\/p>\n<p class=\"p1\"><strong>2.4<\/strong>\u00a0L'Utilisateur et l'Annonceur comprennent et acceptent que les fonctionnalit\u00e9s indiqu\u00e9es aux clauses 2.1 et 2.3 peuvent \u00eatre \u00e9tendues et\/ou restreintes par SunOnline, \u00e0 tout moment et \u00e0 sa seule discr\u00e9tion, selon ses politiques et ses plans de d\u00e9veloppement technologique et commercial, ce qui sera communiqu\u00e9 \u00e0 l'Utilisateur via le site Web.<\/p>\n<p class=\"p1\"><strong>2.5<\/strong>\u00a0La plateforme Nathy Realty peut \u00eatre utilis\u00e9e dans toutes les r\u00e9gions autoris\u00e9es par SunOnline. Dans tous les cas, la l\u00e9gislation applicable \u00e0 ce contrat sera celle de la R\u00e9publique du Panama.<\/p>\n<p class=\"p1\"><strong>3. GESTION DU COMPTE DE L'ANNONCEUR SUR LA PLATEFORME NATHY REALTY<\/strong><\/p>\n<p class=\"p1\"><strong>3.1<\/strong>\u00a0Pour acc\u00e9der \u00e0 l'ouverture d'un Compte sur la plateforme NATHY REALTY, l'ANNONCEUR doit fournir au moins les informations personnelles suivantes : nom, courriel, entre autres informations.<\/p>\n<p class=\"p1\"><strong>3.2<\/strong>\u00a0L'ANNONCEUR ne peut c\u00e9der ni transf\u00e9rer son compte NATHY REALTY \u00e0 un tiers.<\/p>\n<p class=\"p1\"><strong>3.3<\/strong>\u00a0Le contrat de Compte NATHY REALTY de l'ANNONCEUR est ind\u00e9fini, mais il peut fermer son Compte \u00e0 tout moment en envoyant une demande \u00e0 l'adresse courriel contact@nathyrealty.com.<\/p>\n<p class=\"p1\"><strong>3.4<\/strong>\u00a0SunOnline peut r\u00e9silier le contrat de Compte NATHY REALTY de l'ANNONCEUR et annuler son acc\u00e8s \u00e0 tout moment pour des raisons objectives et raisonnables, ou dans les cas suivants :<\/p>\n<p class=\"p1\">En cas de soup\u00e7on raisonnable d'utilisation frauduleuse ou non autoris\u00e9e du Compte NATHY REALTY.<\/p>\n<p class=\"p1\">Si par dol ou n\u00e9gligence l'ANNONCEUR a compromis la s\u00e9curit\u00e9 de la plateforme NATHY REALTY.<\/p>\n<p class=\"p1\">En cas d'utilisation non autoris\u00e9e ou non pr\u00e9vue dans ces Termes et Conditions de la plateforme NATHY REALTY.<\/p>\n<p class=\"p1\">En cas de non-respect par l'Annonceur des obligations \u00e9tablies dans ce contrat.<\/p>\n<p class=\"p1\">Lorsque l'ANNONCEUR fournit des informations fausses \u00e0 SunOnline ou concernant un bien immobilier annonc\u00e9 sur la plateforme NATHY REALTY.<\/p>\n<p class=\"p1\">En cas de non-respect du Code de Conduite de NATHY REALTY.<\/p>\n<p class=\"p1\"><strong>4. S\u00c9CURIT\u00c9 DES INFORMATIONS DU COMPTE NATHY REALTY<\/strong><\/p>\n<p class=\"p1\"><strong>4.1<\/strong>\u00a0SunOnline s'engage \u00e0 mettre en \u0153uvre les meilleures pratiques en mati\u00e8re de s\u00e9curit\u00e9 de l'information, garantissant \u00e0 l'Utilisateur et \u00e0 l'Annonceur que la plateforme Nathy Realty conserve les informations de mani\u00e8re confidentielle, int\u00e8gre et disponible. En outre, elle met en place des m\u00e9thodes d'authentification s\u00e9curis\u00e9es sur ses serveurs pour assurer une plus grande s\u00e9curit\u00e9 pour l'Annonceur et l'Utilisateur.<\/p>\n<p class=\"p1\"><strong>4.2<\/strong>\u00a0Gazelook.com dispose sur son serveur d'un certificat de s\u00e9curit\u00e9 qui permet de crypter les informations entre le navigateur de l'Utilisateur et le serveur de la plateforme Nathy Realty, en utilisant un certificat TLS sign\u00e9 par un algorithme SHA-256. Cependant, le Client comprend les nombreux risques cybern\u00e9tiques associ\u00e9s aux transactions en ligne et s'engage \u00e0 g\u00e9rer ses identifiants d'acc\u00e8s avec la plus grande diligence, assumant la responsabilit\u00e9 de sa propre cybers\u00e9curit\u00e9. De plus, il comprend et cherche \u00e0 utiliser des outils qui lui permettent une navigation s\u00e9curis\u00e9e sur Internet.<\/p>\n<p class=\"p1\"><strong>4.3<\/strong>\u00a0SunOnline n'est pas tenue de r\u00e9pondre des actes ou omissions de l'Utilisateur ou de l'Annonceur, tels que \u00eatre victime de phishing, ing\u00e9nierie sociale, malware, chevaux de Troie, backdoors, spyware, adware, ransomware, ou d'autres applications malveillantes qui affectent le fonctionnement de l'appareil ou interceptent, surveillent, copient et acc\u00e8dent ill\u00e9galement aux logiciels ou mat\u00e9riels de l'Annonceur.<\/p>\n<p class=\"p1\"><strong>4.4<\/strong>\u00a0L'Utilisateur et l'Annonceur comprennent et acceptent express\u00e9ment que, dans le cas de transactions effectu\u00e9es par des m\u00e9canismes non traditionnels, il existe des risques de fraude, d'usurpation d'identit\u00e9, d'attaques ill\u00e9gales massives sur des appareils et des serveurs, parmi d'autres situations ind\u00e9pendantes de la volont\u00e9 de SunOnline. Par cons\u00e9quent, l'Utilisateur et l'Annonceur doivent toujours rester vigilants et s'assurer qu'ils se trouvent sur l'URL correcte associ\u00e9e au Site Web, et ne pas divulguer des informations personnelles \u00e0 des personnes non autoris\u00e9es par SunOnline.<\/p>\n<p class=\"p1\"><strong>4.6<\/strong>\u00a0En mati\u00e8re de s\u00e9curit\u00e9 et de gestion des donn\u00e9es personnelles, l'Utilisateur et l'Annonceur de la plateforme Nathy Realty s'engagent \u00e0 :<\/p>\n<p class=\"p1\">Utiliser la plateforme Nathy Realty uniquement \u00e0 des fins l\u00e9gales.<\/p>\n<p class=\"p1\">Dans le cas des Annonceurs, changer le mot de passe d'acc\u00e8s \u00e0 la plateforme Nathy Realty au moins tous les six mois et respecter les exigences indiqu\u00e9es par la plateforme pour la cr\u00e9ation d'un mot de passe s\u00e9curis\u00e9.<\/p>\n<p class=\"p1\">Utiliser des dispositifs s\u00e9curis\u00e9s pour acc\u00e9der \u00e0 la plateforme Nathy Realty, avec des logiciels sous licence, un antivirus et des outils de s\u00e9curit\u00e9 pour pr\u00e9venir les attaques de malware, virus, chevaux de Troie, keyloggers, botnets, spyware, adware, ransomware et autres programmes malveillants.<\/p>\n<p class=\"p1\"><strong>5. Propri\u00e9t\u00e9 Intellectuelle<\/strong><\/p>\n<p class=\"p1\"><strong>5.1<\/strong>\u00a0Tous les contenus de la plateforme, tels que marques, textes, vid\u00e9os, photographies, images, logiciels, code source, conception de page web, graphiques, couleurs et interfaces, sont la propri\u00e9t\u00e9 intellectuelle exclusive de SunOnline ou disposent des autorisations n\u00e9cessaires de tiers pour leur utilisation. Ces contenus ne peuvent \u00eatre reproduits, copi\u00e9s, coll\u00e9s, li\u00e9s, transmis, distribu\u00e9s ou manipul\u00e9s de quelque mani\u00e8re que ce soit sans l'autorisation pr\u00e9alable et \u00e9crite de SunOnline. Il est strictement interdit d'utiliser des techniques de web scraping pour capturer, collecter, extraire ou miner des donn\u00e9es et des informations publi\u00e9es sur le Site Web de Nathy Realty.<\/p>\n<p class=\"p1\"><strong>5.2<\/strong>\u00a0L'Annonceur et l'Utilisateur comprennent et acceptent que l'utilisation de la plateforme Nathy Realty, ou la visite ou navigation sur le Site Web, n'implique aucune licence, cession de droits, cession de brevet ni autorisation pour l'exploitation ou la disposition de toute forme de propri\u00e9t\u00e9 intellectuelle de SunOnline ou de tiers. Le non-respect de cette clause autorisera SunOnline \u00e0 d\u00e9sactiver imm\u00e9diatement l'acc\u00e8s \u00e0 la plateforme Soldvendido et au Site Web et \u00e0 prendre les mesures l\u00e9gales qu'elle juge appropri\u00e9es.<\/p>\n<p class=\"p1\"><strong>5.3<\/strong>\u00a0L'Annonceur et l'Utilisateur sont autoris\u00e9s \u00e0 reproduire totalement ou partiellement, ainsi qu'\u00e0 partager par tout moyen \u00e9lectronique ou physique, des informations relatives aux services de la plateforme Nathy Realty dans le but de faire conna\u00eetre ses qualit\u00e9s et avantages. Ils doivent inclure un lien hypertexte vers le Site Web ou les r\u00e9seaux sociaux de Nathy Realty. Aucune personne autre que les repr\u00e9sentants de SunOnline n'est autoris\u00e9e \u00e0 commercialiser la plateforme Nathy Realty ni ses services associ\u00e9s. Toute utilisation ou modification du mat\u00e9riel ou des contenus \u00e0 des fins autres que celles autoris\u00e9es sera consid\u00e9r\u00e9e comme une violation des lois de la R\u00e9publique du Panama et internationales qui prot\u00e8gent les droits d'auteur et la propri\u00e9t\u00e9 intellectuelle.<\/p>\n<p class=\"p1\"><strong>5.4<\/strong>\u00a0Le non-respect des dispositions contenues dans cette section autorisera SunOnline \u00e0 r\u00e9clamer des dommages et int\u00e9r\u00eats \u00e0 l'Annonceur et \u00e0 l'Utilisateur, ainsi qu'\u00e0 r\u00e9clamer toute responsabilit\u00e9 p\u00e9nale, commerciale, civile ou administrative conform\u00e9ment \u00e0 la l\u00e9gislation de la R\u00e9publique du Panama.<\/p>\n<p class=\"p1\"><strong>6. Juridiction et Droit Applicable<\/strong><\/p>\n<p class=\"p1\">Les parties conviennent de r\u00e9soudre les litiges d\u00e9coulant de ces Termes et Conditions d'Utilisation et de Contrat par le biais des tribunaux panam\u00e9ens et\/ou des autorit\u00e9s comp\u00e9tentes en mati\u00e8re de protection des consommateurs lorsque cela est applicable. Elles peuvent \u00e9galement recourir \u00e0 des instances de conciliation, m\u00e9diation, arbitrage et autres centres de r\u00e9solution des conflits disponibles dans le pays si elles le conviennent.<\/p>\n<p class=\"p1\"><strong>7. Modification des Termes et Conditions<\/strong><\/p>\n<p class=\"p1\"><strong>7.1<\/strong>\u00a0L'Annonceur et l'Utilisateur comprennent et acceptent que les pr\u00e9sents Termes et Conditions d'Utilisation et de Contrat peuvent \u00eatre r\u00e9vis\u00e9s et modifi\u00e9s par SunOnline \u00e0 tout moment, par la publication d'une nouvelle version sur le Site Web. SunOnline n'a aucune obligation de notifier individuellement l'Annonceur et l'Utilisateur des modifications apport\u00e9es.<\/p>\n<p class=\"p1\"><strong>7.2<\/strong>\u00a0L'Annonceur et l'Utilisateur acceptent qu'ils ont lu et compris les pr\u00e9sents Termes et Conditions d'Utilisation de la plateforme Nathy Realty. En cliquant sur la case \"Accepter\" et en utilisant la plateforme Nathy Realty, ils confirment express\u00e9ment qu'ils les acceptent de mani\u00e8re libre et consciente, ayant examin\u00e9 les informations de mani\u00e8re satisfaisante et les trouvant ad\u00e9quates et suffisantes.<\/p>\n<p class=\"p1\">Tout commentaire, question ou observation relative \u00e0 ces Termes et Conditions peut \u00eatre adress\u00e9 par courrier \u00e9lectronique \u00e0 contact@nathyrealty.com.<\/p>\n<p class=\"p1\">Derni\u00e8re mise \u00e0 jour : Juillet 2024<\/p>\t\t\t\t\t\t\t\t<\/div>\n\t\t\t\t<\/div>\n\t\t\t\t\t<\/div>\n\t\t\t\t<\/div>\n\t\t\t\t<\/div>","protected":false},"excerpt":{"rendered":"<p>TERMS AND CONDITIONS OF USE FOR THE NATHY REALTY PLATFORM The following Terms and Conditions of Use govern the contract established between SunOnline LLC, headquartered at 30 N Gould St Ste R, Sheridan WY 82801, USA, email contact@nathyrealty.com (hereinafter referred to as SunOnline), the User of the website (hereinafter referred to as the USER), and [&hellip;]<\/p>","protected":false},"author":1,"featured_media":0,"parent":0,"menu_order":0,"comment_status":"closed","ping_status":"closed","template":"","meta":{"_acf_changed":false,"iawp_total_views":27,"footnotes":""},"class_list":["post-946","page","type-page","status-publish","hentry"],"acf":[],"yoast_head":"<!-- This site is optimized with the Yoast SEO plugin v25.7 - https:\/\/yoast.com\/wordpress\/plugins\/seo\/ -->\n<title>TERMS AND CONDITIONS OF USE FOR THE NATHY REALTY PLATFORM - Nathy Realty<\/title>\n<meta name=\"robots\" content=\"index, follow, max-snippet:-1, max-image-preview:large, max-video-preview:-1\" \/>\n<link rel=\"canonical\" href=\"https:\/\/nathyrealty.com\/fr\/terms-and-conditions-of-use-for-the-nathy-realty-platform\/\" \/>\n<meta property=\"og:locale\" content=\"fr_FR\" \/>\n<meta property=\"og:type\" content=\"article\" \/>\n<meta property=\"og:title\" content=\"TERMS AND CONDITIONS OF USE FOR THE NATHY REALTY PLATFORM - Nathy Realty\" \/>\n<meta property=\"og:description\" content=\"TERMS AND CONDITIONS OF USE FOR THE NATHY REALTY PLATFORM The following Terms and Conditions of Use govern the contract established between SunOnline LLC, headquartered at 30 N Gould St Ste R, Sheridan WY 82801, USA, email contact@nathyrealty.com (hereinafter referred to as SunOnline), the User of the website (hereinafter referred to as the USER), and [&hellip;]\" \/>\n<meta property=\"og:url\" content=\"https:\/\/nathyrealty.com\/fr\/terms-and-conditions-of-use-for-the-nathy-realty-platform\/\" \/>\n<meta property=\"og:site_name\" content=\"Nathy Realty\" \/>\n<meta property=\"article:modified_time\" content=\"2024-07-25T07:28:34+00:00\" \/>\n<meta name=\"twitter:card\" content=\"summary_large_image\" \/>\n<meta name=\"twitter:label1\" content=\"Dur\u00e9e de lecture estim\u00e9e\" \/>\n\t<meta name=\"twitter:data1\" content=\"9 minutes\" \/>\n<script type=\"application\/ld+json\" class=\"yoast-schema-graph\">{\"@context\":\"https:\/\/schema.org\",\"@graph\":[{\"@type\":\"WebPage\",\"@id\":\"https:\/\/nathyrealty.com\/terms-and-conditions-of-use-for-the-nathy-realty-platform\/\",\"url\":\"https:\/\/nathyrealty.com\/terms-and-conditions-of-use-for-the-nathy-realty-platform\/\",\"name\":\"TERMS AND CONDITIONS OF USE FOR THE NATHY REALTY PLATFORM - Nathy Realty\",\"isPartOf\":{\"@id\":\"https:\/\/nathyrealty.com\/#website\"},\"datePublished\":\"2024-07-25T07:25:17+00:00\",\"dateModified\":\"2024-07-25T07:28:34+00:00\",\"breadcrumb\":{\"@id\":\"https:\/\/nathyrealty.com\/terms-and-conditions-of-use-for-the-nathy-realty-platform\/#breadcrumb\"},\"inLanguage\":\"fr-FR\",\"potentialAction\":[{\"@type\":\"ReadAction\",\"target\":[\"https:\/\/nathyrealty.com\/terms-and-conditions-of-use-for-the-nathy-realty-platform\/\"]}]},{\"@type\":\"BreadcrumbList\",\"@id\":\"https:\/\/nathyrealty.com\/terms-and-conditions-of-use-for-the-nathy-realty-platform\/#breadcrumb\",\"itemListElement\":[{\"@type\":\"ListItem\",\"position\":1,\"name\":\"Home\",\"item\":\"https:\/\/nathyrealty.com\/\"},{\"@type\":\"ListItem\",\"position\":2,\"name\":\"TERMS AND CONDITIONS OF USE FOR THE NATHY REALTY PLATFORM\"}]},{\"@type\":\"WebSite\",\"@id\":\"https:\/\/nathyrealty.com\/#website\",\"url\":\"https:\/\/nathyrealty.com\/\",\"name\":\"Nathy Realty\",\"description\":\"Find your place in Bocas del Toro, Panama\",\"potentialAction\":[{\"@type\":\"SearchAction\",\"target\":{\"@type\":\"EntryPoint\",\"urlTemplate\":\"https:\/\/nathyrealty.com\/?s={search_term_string}\"},\"query-input\":{\"@type\":\"PropertyValueSpecification\",\"valueRequired\":true,\"valueName\":\"search_term_string\"}}],\"inLanguage\":\"fr-FR\"}]}<\/script>\n<!-- \/ Yoast SEO plugin. -->","yoast_head_json":{"title":"TERMS AND CONDITIONS OF USE FOR THE NATHY REALTY PLATFORM - Nathy Realty","robots":{"index":"index","follow":"follow","max-snippet":"max-snippet:-1","max-image-preview":"max-image-preview:large","max-video-preview":"max-video-preview:-1"},"canonical":"https:\/\/nathyrealty.com\/fr\/terms-and-conditions-of-use-for-the-nathy-realty-platform\/","og_locale":"fr_FR","og_type":"article","og_title":"TERMS AND CONDITIONS OF USE FOR THE NATHY REALTY PLATFORM - Nathy Realty","og_description":"TERMS AND CONDITIONS OF USE FOR THE NATHY REALTY PLATFORM The following Terms and Conditions of Use govern the contract established between SunOnline LLC, headquartered at 30 N Gould St Ste R, Sheridan WY 82801, USA, email contact@nathyrealty.com (hereinafter referred to as SunOnline), the User of the website (hereinafter referred to as the USER), and [&hellip;]","og_url":"https:\/\/nathyrealty.com\/fr\/terms-and-conditions-of-use-for-the-nathy-realty-platform\/","og_site_name":"Nathy Realty","article_modified_time":"2024-07-25T07:28:34+00:00","twitter_card":"summary_large_image","twitter_misc":{"Dur\u00e9e de lecture estim\u00e9e":"9 minutes"},"schema":{"@context":"https:\/\/schema.org","@graph":[{"@type":"WebPage","@id":"https:\/\/nathyrealty.com\/terms-and-conditions-of-use-for-the-nathy-realty-platform\/","url":"https:\/\/nathyrealty.com\/terms-and-conditions-of-use-for-the-nathy-realty-platform\/","name":"TERMS AND CONDITIONS OF USE FOR THE NATHY REALTY PLATFORM - Nathy Realty","isPartOf":{"@id":"https:\/\/nathyrealty.com\/#website"},"datePublished":"2024-07-25T07:25:17+00:00","dateModified":"2024-07-25T07:28:34+00:00","breadcrumb":{"@id":"https:\/\/nathyrealty.com\/terms-and-conditions-of-use-for-the-nathy-realty-platform\/#breadcrumb"},"inLanguage":"fr-FR","potentialAction":[{"@type":"ReadAction","target":["https:\/\/nathyrealty.com\/terms-and-conditions-of-use-for-the-nathy-realty-platform\/"]}]},{"@type":"BreadcrumbList","@id":"https:\/\/nathyrealty.com\/terms-and-conditions-of-use-for-the-nathy-realty-platform\/#breadcrumb","itemListElement":[{"@type":"ListItem","position":1,"name":"Home","item":"https:\/\/nathyrealty.com\/"},{"@type":"ListItem","position":2,"name":"TERMS AND CONDITIONS OF USE FOR THE NATHY REALTY PLATFORM"}]},{"@type":"WebSite","@id":"https:\/\/nathyrealty.com\/#website","url":"https:\/\/nathyrealty.com\/","name":"Nathy Realty","description":"Find your place in Bocas del Toro, Panama","potentialAction":[{"@type":"SearchAction","target":{"@type":"EntryPoint","urlTemplate":"https:\/\/nathyrealty.com\/?s={search_term_string}"},"query-input":{"@type":"PropertyValueSpecification","valueRequired":true,"valueName":"search_term_string"}}],"inLanguage":"fr-FR"}]}},"_links":{"self":[{"href":"https:\/\/nathyrealty.com\/fr\/wp-json\/wp\/v2\/pages\/946","targetHints":{"allow":["GET"]}}],"collection":[{"href":"https:\/\/nathyrealty.com\/fr\/wp-json\/wp\/v2\/pages"}],"about":[{"href":"https:\/\/nathyrealty.com\/fr\/wp-json\/wp\/v2\/types\/page"}],"author":[{"embeddable":true,"href":"https:\/\/nathyrealty.com\/fr\/wp-json\/wp\/v2\/users\/1"}],"replies":[{"embeddable":true,"href":"https:\/\/nathyrealty.com\/fr\/wp-json\/wp\/v2\/comments?post=946"}],"version-history":[{"count":0,"href":"https:\/\/nathyrealty.com\/fr\/wp-json\/wp\/v2\/pages\/946\/revisions"}],"wp:attachment":[{"href":"https:\/\/nathyrealty.com\/fr\/wp-json\/wp\/v2\/media?parent=946"}],"curies":[{"name":"wp","href":"https:\/\/api.w.org\/{rel}","templated":true}]}}