{"id":941,"date":"2024-07-25T07:24:15","date_gmt":"2024-07-25T07:24:15","guid":{"rendered":"https:\/\/nathyrealty.com\/?page_id=941"},"modified":"2024-07-25T07:24:50","modified_gmt":"2024-07-25T07:24:50","slug":"code-of-conduct-and-rules-of-the-nathy-realty-platform","status":"publish","type":"page","link":"https:\/\/nathyrealty.com\/fr\/code-of-conduct-and-rules-of-the-nathy-realty-platform\/","title":{"rendered":"CODE DE CONDUITE ET R\u00c8GLES DE LA PLATEFORME NATHY REALTY"},"content":{"rendered":"<div data-elementor-type=\"wp-page\" data-elementor-id=\"941\" class=\"elementor elementor-941\" data-elementor-post-type=\"page\">\n\t\t\t\t<div class=\"elementor-element elementor-element-47056937 e-flex e-con-boxed e-con e-parent\" data-id=\"47056937\" data-element_type=\"container\">\n\t\t\t\t\t<div class=\"e-con-inner\">\n\t\t\t\t<div class=\"elementor-element elementor-element-32851ef elementor-widget elementor-widget-heading\" data-id=\"32851ef\" data-element_type=\"widget\" data-widget_type=\"heading.default\">\n\t\t\t\t<div class=\"elementor-widget-container\">\n\t\t\t\t\t<h2 class=\"elementor-heading-title elementor-size-default\">CODE DE CONDUITE ET R\u00c8GLES DE LA PLATEFORME NATHY REALTY<\/h2>\t\t\t\t<\/div>\n\t\t\t\t<\/div>\n\t\t\t\t<div class=\"elementor-element elementor-element-22a3f958 elementor-widget elementor-widget-text-editor\" data-id=\"22a3f958\" data-element_type=\"widget\" data-widget_type=\"text-editor.default\">\n\t\t\t\t<div class=\"elementor-widget-container\">\n\t\t\t\t\t\t\t\t\t\n<p class=\"p1\">Dans le but de maintenir un environnement harmonieux, respectueux et conforme aux meilleurs principes \u00e9thiques et moraux, les ANNONCEURS et les UTILISATEURS de la plateforme NATHY REALTY doivent respecter toutes les dispositions suivantes lorsqu'ils interagissent avec d'autres utilisateurs ou avec les administrateurs de la plateforme :<\/p>\n<p class=\"p1\">Ne pas utiliser la plateforme NATHY REALTY et ses outils de communication pour publier des informations commerciales non sollicit\u00e9es (Spam).<\/p>\n<p class=\"p1\">L'ANNONCEUR et l'UTILISATEUR doivent faire preuve de gentillesse et de respect envers les autres participants et les administrateurs de la plateforme Nathy Realty. Les comportements non professionnels, irrespectueux ou immoraux \u00e0 l'encontre de tout autre participant ne sont pas tol\u00e9r\u00e9s.<\/p>\n<p class=\"p1\">Respecter les autres et leurs diff\u00e9rences. Sur la plateforme Nathy Realty, nous sommes une communaut\u00e9 compos\u00e9e de personnes aux profils tr\u00e8s divers.<\/p>\n<p class=\"p1\">Il est totalement interdit d'utiliser les espaces d'expression de la plateforme Nathy Realty pour menacer, contraindre, harceler, injurier ou calomnier un autre ANNONCEUR ou UTILISATEUR. L'ANNONCEUR ou l'UTILISATEUR qui adopte l'une de ces conduites sera le seul responsable des cons\u00e9quences p\u00e9nales et civiles de ses actes.<\/p>\n<p class=\"p1\">En cas de litige ou de diff\u00e9rend entre deux ou plusieurs Utilisateurs ou Annonceurs, les administrateurs de la plateforme Nathy Realty agiront en tant que m\u00e9diateurs pour tenter de trouver la meilleure solution au conflit. Ainsi, tous les Annonceurs et Utilisateurs impliqu\u00e9s s'engagent \u00e0 accepter leur d\u00e9cision. Si cette r\u00e9solution n'est pas accept\u00e9e par l'un des Annonceurs ou Utilisateurs, ils pourront faire valoir leurs r\u00e9clamations par les voies l\u00e9gales appropri\u00e9es.<\/p>\n<p class=\"p1\">Afin d'\u00e9viter tout dommage \u00e0 un Annonceur ou Utilisateur, la plateforme Nathy Realty peut supprimer des commentaires ou des contenus en g\u00e9n\u00e9ral qu'elle consid\u00e8re soutenir ou favoriser la haine, la discrimination, l'homophobie, les fausses nouvelles (Fake news), la violence, la traite des \u00eatres humains, la pornographie infantile, le soutien au terrorisme, la consommation de drogues et d'alcool, la maltraitance animale, ainsi que tout contenu cherchant \u00e0 promouvoir des actes contraires \u00e0 la loi.<\/p>\n<p class=\"p1\">Les Annonceurs et les Utilisateurs doivent \u00e9viter de partager des informations cherchant \u00e0 influencer les autres utilisateurs si ces informations ne reposent pas sur une base scientifique prouvable et peuvent d\u00e9former des faits r\u00e9els prouv\u00e9s par la science, en particulier dans le domaine de la sant\u00e9.<\/p>\n<p class=\"p1\">La plateforme Nathy Realty se r\u00e9serve le droit de suspendre ou de fermer une annonce qui, selon les administrateurs de la plateforme, enfreindrait l'une de ces stipulations. De m\u00eame, Nathy Realty peut engager des actions l\u00e9gales appropri\u00e9es lorsqu'un acte d'un Annonceur porte atteinte aux droits d'un tiers ou constitue une infraction p\u00e9nale.<\/p>\n<p class=\"p1\">Le pr\u00e9sent Code de Conduite et R\u00e8gles de la Plateforme Nathy Realty fait partie int\u00e9grante des termes et conditions d'utilisation de la plateforme. Par cons\u00e9quent, dans le cadre du processus d'inscription et d'utilisation de la plateforme Nathy Realty, l'ANNONCEUR et l'UTILISATEUR acceptent de s'engager \u00e0 le respecter.<\/p>\n<p class=\"p1\">Derni\u00e8re mise \u00e0 jour : Juillet 2024.<\/p>\t\t\t\t\t\t\t\t<\/div>\n\t\t\t\t<\/div>\n\t\t\t\t\t<\/div>\n\t\t\t\t<\/div>\n\t\t\t\t<\/div>","protected":false},"excerpt":{"rendered":"<p>CODE OF CONDUCT AND RULES OF THE NATHY REALTY PLATFORM In order to maintain a harmonious, respectful environment in line with the highest ethical and moral standards, ADVERTISERS and USERS of the NATHY REALTY platform must adhere to the following provisions when interacting with other users or platform administrators: Do not use the NATHY REALTY [&hellip;]<\/p>","protected":false},"author":1,"featured_media":0,"parent":0,"menu_order":0,"comment_status":"closed","ping_status":"closed","template":"","meta":{"_acf_changed":false,"iawp_total_views":4,"footnotes":""},"class_list":["post-941","page","type-page","status-publish","hentry"],"acf":[],"yoast_head":"<!-- This site is optimized with the Yoast SEO plugin v25.7 - https:\/\/yoast.com\/wordpress\/plugins\/seo\/ -->\n<title>CODE OF CONDUCT AND RULES OF THE NATHY REALTY PLATFORM - Nathy Realty<\/title>\n<meta name=\"robots\" content=\"index, follow, max-snippet:-1, max-image-preview:large, max-video-preview:-1\" \/>\n<link rel=\"canonical\" href=\"https:\/\/nathyrealty.com\/fr\/code-of-conduct-and-rules-of-the-nathy-realty-platform\/\" \/>\n<meta property=\"og:locale\" content=\"fr_FR\" \/>\n<meta property=\"og:type\" content=\"article\" \/>\n<meta property=\"og:title\" content=\"CODE OF CONDUCT AND RULES OF THE NATHY REALTY PLATFORM - Nathy Realty\" \/>\n<meta property=\"og:description\" content=\"CODE OF CONDUCT AND RULES OF THE NATHY REALTY PLATFORM In order to maintain a harmonious, respectful environment in line with the highest ethical and moral standards, ADVERTISERS and USERS of the NATHY REALTY platform must adhere to the following provisions when interacting with other users or platform administrators: Do not use the NATHY REALTY [&hellip;]\" \/>\n<meta property=\"og:url\" content=\"https:\/\/nathyrealty.com\/fr\/code-of-conduct-and-rules-of-the-nathy-realty-platform\/\" \/>\n<meta property=\"og:site_name\" content=\"Nathy Realty\" \/>\n<meta property=\"article:modified_time\" content=\"2024-07-25T07:24:50+00:00\" \/>\n<meta name=\"twitter:card\" content=\"summary_large_image\" \/>\n<meta name=\"twitter:label1\" content=\"Dur\u00e9e de lecture estim\u00e9e\" \/>\n\t<meta name=\"twitter:data1\" content=\"2 minutes\" \/>\n<script type=\"application\/ld+json\" class=\"yoast-schema-graph\">{\"@context\":\"https:\/\/schema.org\",\"@graph\":[{\"@type\":\"WebPage\",\"@id\":\"https:\/\/nathyrealty.com\/code-of-conduct-and-rules-of-the-nathy-realty-platform\/\",\"url\":\"https:\/\/nathyrealty.com\/code-of-conduct-and-rules-of-the-nathy-realty-platform\/\",\"name\":\"CODE OF CONDUCT AND RULES OF THE NATHY REALTY PLATFORM - Nathy Realty\",\"isPartOf\":{\"@id\":\"https:\/\/nathyrealty.com\/#website\"},\"datePublished\":\"2024-07-25T07:24:15+00:00\",\"dateModified\":\"2024-07-25T07:24:50+00:00\",\"breadcrumb\":{\"@id\":\"https:\/\/nathyrealty.com\/code-of-conduct-and-rules-of-the-nathy-realty-platform\/#breadcrumb\"},\"inLanguage\":\"fr-FR\",\"potentialAction\":[{\"@type\":\"ReadAction\",\"target\":[\"https:\/\/nathyrealty.com\/code-of-conduct-and-rules-of-the-nathy-realty-platform\/\"]}]},{\"@type\":\"BreadcrumbList\",\"@id\":\"https:\/\/nathyrealty.com\/code-of-conduct-and-rules-of-the-nathy-realty-platform\/#breadcrumb\",\"itemListElement\":[{\"@type\":\"ListItem\",\"position\":1,\"name\":\"Home\",\"item\":\"https:\/\/nathyrealty.com\/\"},{\"@type\":\"ListItem\",\"position\":2,\"name\":\"CODE OF CONDUCT AND RULES OF THE NATHY REALTY PLATFORM\"}]},{\"@type\":\"WebSite\",\"@id\":\"https:\/\/nathyrealty.com\/#website\",\"url\":\"https:\/\/nathyrealty.com\/\",\"name\":\"Nathy Realty\",\"description\":\"Find your place in Bocas del Toro, Panama\",\"potentialAction\":[{\"@type\":\"SearchAction\",\"target\":{\"@type\":\"EntryPoint\",\"urlTemplate\":\"https:\/\/nathyrealty.com\/?s={search_term_string}\"},\"query-input\":{\"@type\":\"PropertyValueSpecification\",\"valueRequired\":true,\"valueName\":\"search_term_string\"}}],\"inLanguage\":\"fr-FR\"}]}<\/script>\n<!-- \/ Yoast SEO plugin. -->","yoast_head_json":{"title":"CODE OF CONDUCT AND RULES OF THE NATHY REALTY PLATFORM - Nathy Realty","robots":{"index":"index","follow":"follow","max-snippet":"max-snippet:-1","max-image-preview":"max-image-preview:large","max-video-preview":"max-video-preview:-1"},"canonical":"https:\/\/nathyrealty.com\/fr\/code-of-conduct-and-rules-of-the-nathy-realty-platform\/","og_locale":"fr_FR","og_type":"article","og_title":"CODE OF CONDUCT AND RULES OF THE NATHY REALTY PLATFORM - Nathy Realty","og_description":"CODE OF CONDUCT AND RULES OF THE NATHY REALTY PLATFORM In order to maintain a harmonious, respectful environment in line with the highest ethical and moral standards, ADVERTISERS and USERS of the NATHY REALTY platform must adhere to the following provisions when interacting with other users or platform administrators: Do not use the NATHY REALTY [&hellip;]","og_url":"https:\/\/nathyrealty.com\/fr\/code-of-conduct-and-rules-of-the-nathy-realty-platform\/","og_site_name":"Nathy Realty","article_modified_time":"2024-07-25T07:24:50+00:00","twitter_card":"summary_large_image","twitter_misc":{"Dur\u00e9e de lecture estim\u00e9e":"2 minutes"},"schema":{"@context":"https:\/\/schema.org","@graph":[{"@type":"WebPage","@id":"https:\/\/nathyrealty.com\/code-of-conduct-and-rules-of-the-nathy-realty-platform\/","url":"https:\/\/nathyrealty.com\/code-of-conduct-and-rules-of-the-nathy-realty-platform\/","name":"CODE OF CONDUCT AND RULES OF THE NATHY REALTY PLATFORM - Nathy Realty","isPartOf":{"@id":"https:\/\/nathyrealty.com\/#website"},"datePublished":"2024-07-25T07:24:15+00:00","dateModified":"2024-07-25T07:24:50+00:00","breadcrumb":{"@id":"https:\/\/nathyrealty.com\/code-of-conduct-and-rules-of-the-nathy-realty-platform\/#breadcrumb"},"inLanguage":"fr-FR","potentialAction":[{"@type":"ReadAction","target":["https:\/\/nathyrealty.com\/code-of-conduct-and-rules-of-the-nathy-realty-platform\/"]}]},{"@type":"BreadcrumbList","@id":"https:\/\/nathyrealty.com\/code-of-conduct-and-rules-of-the-nathy-realty-platform\/#breadcrumb","itemListElement":[{"@type":"ListItem","position":1,"name":"Home","item":"https:\/\/nathyrealty.com\/"},{"@type":"ListItem","position":2,"name":"CODE OF CONDUCT AND RULES OF THE NATHY REALTY PLATFORM"}]},{"@type":"WebSite","@id":"https:\/\/nathyrealty.com\/#website","url":"https:\/\/nathyrealty.com\/","name":"Nathy Realty","description":"Find your place in Bocas del Toro, Panama","potentialAction":[{"@type":"SearchAction","target":{"@type":"EntryPoint","urlTemplate":"https:\/\/nathyrealty.com\/?s={search_term_string}"},"query-input":{"@type":"PropertyValueSpecification","valueRequired":true,"valueName":"search_term_string"}}],"inLanguage":"fr-FR"}]}},"_links":{"self":[{"href":"https:\/\/nathyrealty.com\/fr\/wp-json\/wp\/v2\/pages\/941","targetHints":{"allow":["GET"]}}],"collection":[{"href":"https:\/\/nathyrealty.com\/fr\/wp-json\/wp\/v2\/pages"}],"about":[{"href":"https:\/\/nathyrealty.com\/fr\/wp-json\/wp\/v2\/types\/page"}],"author":[{"embeddable":true,"href":"https:\/\/nathyrealty.com\/fr\/wp-json\/wp\/v2\/users\/1"}],"replies":[{"embeddable":true,"href":"https:\/\/nathyrealty.com\/fr\/wp-json\/wp\/v2\/comments?post=941"}],"version-history":[{"count":0,"href":"https:\/\/nathyrealty.com\/fr\/wp-json\/wp\/v2\/pages\/941\/revisions"}],"wp:attachment":[{"href":"https:\/\/nathyrealty.com\/fr\/wp-json\/wp\/v2\/media?parent=941"}],"curies":[{"name":"wp","href":"https:\/\/api.w.org\/{rel}","templated":true}]}}