{"id":936,"date":"2024-07-25T06:52:26","date_gmt":"2024-07-25T06:52:26","guid":{"rendered":"https:\/\/nathyrealty.com\/?page_id=936"},"modified":"2024-07-25T06:54:00","modified_gmt":"2024-07-25T06:54:00","slug":"nathy-realty-platform-cookie-use-policy","status":"publish","type":"page","link":"https:\/\/nathyrealty.com\/fr\/nathy-realty-platform-cookie-use-policy\/","title":{"rendered":"POLITIQUE D'UTILISATION DES COOKIES DE LA PLATEFORME NATHY REALTY"},"content":{"rendered":"<div data-elementor-type=\"wp-page\" data-elementor-id=\"936\" class=\"elementor elementor-936\" data-elementor-post-type=\"page\">\n\t\t\t\t<div class=\"elementor-element elementor-element-47056937 e-flex e-con-boxed e-con e-parent\" data-id=\"47056937\" data-element_type=\"container\">\n\t\t\t\t\t<div class=\"e-con-inner\">\n\t\t\t\t<div class=\"elementor-element elementor-element-32851ef elementor-widget elementor-widget-heading\" data-id=\"32851ef\" data-element_type=\"widget\" data-widget_type=\"heading.default\">\n\t\t\t\t<div class=\"elementor-widget-container\">\n\t\t\t\t\t<h2 class=\"elementor-heading-title elementor-size-default\">POLITIQUE D'UTILISATION DES COOKIES DE LA PLATEFORME NATHY REALTY<\/h2>\t\t\t\t<\/div>\n\t\t\t\t<\/div>\n\t\t\t\t<div class=\"elementor-element elementor-element-22a3f958 elementor-widget elementor-widget-text-editor\" data-id=\"22a3f958\" data-element_type=\"widget\" data-widget_type=\"text-editor.default\">\n\t\t\t\t<div class=\"elementor-widget-container\">\n\t\t\t\t\t\t\t\t\t\n<p class=\"p1\"><strong>QUE SONT LES COOKIES?<\/strong><\/p>\n<p class=\"p1\">Les cookies sont tout type de fichier cr\u00e9\u00e9 dans le navigateur de l'utilisateur pour stocker et enregistrer des donn\u00e9es utilis\u00e9es sur l'\u00e9quipement terminal d'un utilisateur, dans le but de stocker des informations et de r\u00e9cup\u00e9rer les informations d\u00e9j\u00e0 stock\u00e9es.\nLes cookies permettent le stockage sur le terminal de l'utilisateur de quantit\u00e9s de donn\u00e9es allant de quelques kilooctets \u00e0 plusieurs m\u00e9gaoctets.<\/p>\n<p class=\"p1\"><strong>UTILISATION DES COOKIES PAR NATHY REALTY<\/strong><\/p>\n<p class=\"p1\">NATHY REALTY peut utiliser les cookies, sans s'y limiter, pour les finalit\u00e9s suivantes :<\/p>\n<p class=\"p1\">Pour identifier et authentifier l'utilisateur lorsqu'il acc\u00e8de au site web.<\/p>\n<p class=\"p1\">Pour maintenir active la session de l'utilisateur une fois qu'il s'est authentifi\u00e9 ou qu'il a acc\u00e9d\u00e9 \u00e0 l'espace des utilisateurs enregistr\u00e9s.<\/p>\n<p class=\"p1\">Pour offrir \u00e0 l'utilisateur des contenus et des informations plus en accord avec ses int\u00e9r\u00eats et faciliter sa navigation sur notre plateforme.<\/p>\n<p class=\"p1\">Pour maintenir un enregistrement des pr\u00e9f\u00e9rences de l'utilisateur et offrir un acc\u00e8s plus rapide et convivial.<\/p>\n<p class=\"p1\">Pour pouvoir r\u00e9aliser des campagnes de marketing plus pr\u00e9cises sur les r\u00e9seaux sociaux de tiers.<\/p>\n<p class=\"p1\"><strong>TYPES DE COOKIES<\/strong><\/p>\n<p class=\"p1\">NATHY REALTY pourrait utiliser les types de cookies suivants selon leur finalit\u00e9 :<\/p>\n<p class=\"p1\">En fonction de leur dur\u00e9e :<\/p>\n<p class=\"p1\">Cookies de session : celles con\u00e7ues pour collecter et stocker des donn\u00e9es pendant que l'utilisateur acc\u00e8de \u00e0 une page web. Elles sont g\u00e9n\u00e9ralement utilis\u00e9es pour stocker des informations qui ne sont pertinentes que pour la prestation du service demand\u00e9 par l'utilisateur \u00e0 une seule occasion (par exemple, une liste de produits achet\u00e9s) et disparaissent \u00e0 la fin de la session.<\/p>\n<p class=\"p1\">Cookies persistantes : celles dans lesquelles les donn\u00e9es restent stock\u00e9es sur le terminal et peuvent \u00eatre acc\u00e9d\u00e9es et trait\u00e9es pendant une p\u00e9riode d\u00e9finie par le responsable du cookie, et qui peut aller de quelques minutes \u00e0 plusieurs ann\u00e9es.<\/p>\n<p class=\"p1\">En fonction de qui cr\u00e9e le cookie :<\/p>\n<p class=\"p1\">Cookies propres : celles qui sont envoy\u00e9es \u00e0 l'\u00e9quipement terminal de l'utilisateur depuis un \u00e9quipement ou un domaine g\u00e9r\u00e9 par l'\u00e9diteur lui-m\u00eame et \u00e0 partir duquel le service demand\u00e9 par l'utilisateur est fourni.<\/p>\n<p class=\"p1\">Cookies de tiers : celles qui sont envoy\u00e9es \u00e0 l'\u00e9quipement terminal de l'utilisateur depuis un \u00e9quipement ou un domaine qui n'est pas g\u00e9r\u00e9 par l'\u00e9diteur, mais par une autre entit\u00e9 qui traite les donn\u00e9es obtenues par le biais des cookies.<\/p>\n<p class=\"p1\">En fonction de la finalit\u00e9 pour laquelle les donn\u00e9es obtenues sont trait\u00e9es :<\/p>\n<p class=\"p1\">Cookies techniques : celles qui permettent \u00e0 l'utilisateur de naviguer sur une page web, une plateforme ou une application et d'utiliser les diff\u00e9rentes options ou services qui y existent, y compris celles que l'\u00e9diteur utilise pour permettre la gestion et l'op\u00e9rabilit\u00e9 de la page web et activer ses fonctions et services.<\/p>\n<p class=\"p1\">Cookies de personnalisation : celles qui permettent de se souvenir des informations afin que l'utilisateur acc\u00e8de au service avec certaines caract\u00e9ristiques qui peuvent diff\u00e9rencier son exp\u00e9rience de celle d'autres utilisateurs, telles que la langue, le nombre de r\u00e9sultats \u00e0 afficher lors de la recherche de l'utilisateur, l'aspect ou le contenu du service en fonction du type de navigateur \u00e0 travers lequel l'utilisateur acc\u00e8de au service ou de la r\u00e9gion \u00e0 partir de laquelle il acc\u00e8de au service.<\/p>\n<p class=\"p1\">Cookies d'analyse ou de mesure : celles qui permettent au responsable de celles-ci de suivre et d'analyser le comportement des utilisateurs des sites web auxquels elles sont li\u00e9es, y compris la quantification des impacts des annonces. Les informations collect\u00e9es par ce type de cookies sont utilis\u00e9es pour mesurer l'activit\u00e9 des sites web, applications ou plateformes, dans le but d'introduire des am\u00e9liorations bas\u00e9es sur l'analyse des donn\u00e9es d'utilisation faites par les utilisateurs du service.<\/p>\n<p class=\"p1\">Cookies de publicit\u00e9 comportementale : celles qui stockent des informations sur le comportement des utilisateurs obtenues par l'observation continue de leurs habitudes de navigation, ce qui permet de d\u00e9velopper un profil sp\u00e9cifique pour afficher des publicit\u00e9s en fonction de celui-ci.<\/p>\n<p class=\"p1\"><strong>TYPES DE COOKIES UTILIS\u00c9S SUR CE SITE WEB<\/strong><\/p>\n<p class=\"p1\">Cookies de tiers :<\/p>\n<p class=\"p1\">Les cookies de tiers actuellement utilis\u00e9s par le site Web sont les suivantes :<\/p>\n<p class=\"p1\">Cookies de Google Analytics<\/p>\n<p class=\"p1\">Google Analytics utilise trois biblioth\u00e8ques JavaScript (tags) pour mesurer l'utilisation des sites web : gtag.js, analytics.js et ga.js, qui utilisent des cookies pour stocker des informations techniques afin de g\u00e9n\u00e9rer des statistiques d'utilisation du portail (pages visit\u00e9es, nouvelles visites, etc). Sur ce site web, nous utilisons l'anonymisation IP dans Google Analytics pour \u00e9viter le stockage d'informations compl\u00e8tes sur les adresses IP des utilisateurs :<\/p>\n<p class=\"p1\">Google Analytics est un service de Google qui garantit que toutes les donn\u00e9es transf\u00e9r\u00e9es seront trait\u00e9es avec un niveau de protection conforme \u00e0 la r\u00e9glementation europ\u00e9enne.<\/p>\n<p class=\"p1\">Politique de confidentialit\u00e9 de Google : https:\/\/policies.google.com\/privacy\/update?hl=es.<\/p>\n<p class=\"p1\">Utilisation des cookies de Google Analytics sur les sites Web : https:\/\/developers.google.com\/analytics\/devguides\/collection\/gtagjs\/cookie-usage?hl=es.<\/p>\n<p class=\"p1\">Comment Google utilise les informations des sites Web ou des applications qui utilisent ses services : https:\/\/policies.google.com\/technologies\/partner-sites.<\/p>\n<p class=\"p1\">Cookies utilis\u00e9es par gtag.js et analytics.js :<\/p>\n<p class=\"p1\">Nom du cookie\tDur\u00e9e\tDescription<\/p>\n<p class=\"p1\">_ga\t2 ans\tUtilis\u00e9 pour distinguer les utilisateurs.<\/p>\n<p class=\"p1\">_gid\t24 heures\tUtilis\u00e9 pour distinguer les utilisateurs.<\/p>\n<p class=\"p1\">_gat\t1 minute\tUtilis\u00e9 pour limiter le pourcentage de demandes. Si vous avez impl\u00e9ment\u00e9 Google Analytics via Google Tag Manager, ce cookie sera appel\u00e9 dc_gtm .<\/p>\n<p class=\"p1\">AMP_TOKEN\t30 secondes \u00e0 1 an\tComprend un jeton qui peut \u00eatre utilis\u00e9 pour r\u00e9cup\u00e9rer un ID de client du service d'ID de client AMP. D'autres valeurs possibles indiquent des d\u00e9sactivations, des demandes en cours ou des erreurs obtenues lors de la r\u00e9cup\u00e9ration d'un ID du service d'ID de client AMP.<\/p>\n<p class=\"p1\">gac\t90 jours\tComprend des informations sur la campagne relatives \u00e0 l'utilisateur. Si vous avez li\u00e9 vos comptes Google Analytics et AdWords, les balises de conversion des sites Web liront ce cookie, sauf si vous le d\u00e9sactivez.<\/p>\n<p class=\"p1\">Cookies utilis\u00e9es par ga.js :<\/p>\n<p class=\"p1\">Nom du cookie\tDur\u00e9e\tDescription<\/p>\n<p class=\"p1\">__utma\t2 ans \u00e0 partir de la configuration ou mise \u00e0 jour\tUtilis\u00e9 pour distinguer les utilisateurs et les sessions. Le cookie est cr\u00e9\u00e9 lorsque la biblioth\u00e8que JavaScript est ex\u00e9cut\u00e9e et qu'il n'y a pas de cookie __utma. Le cookie est mis \u00e0 jour chaque fois que des donn\u00e9es sont envoy\u00e9es \u00e0 Google Analytics.<\/p>\n<p class=\"p1\">__utmt\t10 minutes\tUtilis\u00e9 pour limiter le pourcentage de demandes.<\/p>\n<p class=\"p1\">__utmb\t30 minutes \u00e0 partir de la configuration ou mise \u00e0 jour\tUtilis\u00e9 pour d\u00e9terminer les nouvelles sessions ou visites. Le cookie est cr\u00e9\u00e9 lorsque la biblioth\u00e8que JavaScript est ex\u00e9cut\u00e9e et qu'il n'y a pas de cookie __utmb pour d\u00e9terminer si l'utilisateur \u00e9tait dans une nouvelle session ou visite.<\/p>\n<p class=\"p1\">__utmc\tFin de la session du navigateur\tNon utilis\u00e9 dans ga.js. Il est configur\u00e9 pour interagir avec urchin.js. Auparavant, ce cookie agissait avec le cookie __utmb pour d\u00e9terminer si l'utilisateur \u00e9tait dans une nouvelle session ou visite.<\/p>\n<p class=\"p1\">__utmz\t6 mois \u00e0 partir de la configuration ou mise \u00e0 jour\tStocke la source de trafic ou la campagne qui explique comment l'utilisateur est arriv\u00e9 sur le site. Le cookie est cr\u00e9\u00e9 lorsque la biblioth\u00e8que JavaScript est ex\u00e9cut\u00e9e et mis \u00e0 jour chaque fois que des donn\u00e9es sont envoy\u00e9es \u00e0 Google Analytics.<\/p>\n<p class=\"p1\">__utmv\t2 ans \u00e0 partir de la configuration ou mise \u00e0 jour\tUtilis\u00e9 pour stocker des donn\u00e9es de variables personnalis\u00e9es de visiteur. Ce cookie est cr\u00e9\u00e9 lorsqu'un d\u00e9veloppeur utilise la m\u00e9thode _setCustomVar avec une variable personnalis\u00e9e de visiteur. Il \u00e9tait \u00e9galement utilis\u00e9 pour la m\u00e9thode _setVar retir\u00e9e. Le cookie est mis \u00e0 jour chaque fois que des donn\u00e9es sont envoy\u00e9es \u00e0 Google Analytics.<\/p>\n<p class=\"p1\"><strong>Cookies de YouTube<\/strong><\/p>\n<p class=\"p1\">Sur ce site Web, nous ins\u00e9rons des vid\u00e9os YouTube en utilisant le mode de confidentialit\u00e9 am\u00e9lior\u00e9e de YouTube. En activant ce mode, YouTube ne stocke pas d'informations sur les personnes qui visitent ce site Web, sauf si elles lisent la vid\u00e9o. De cette mani\u00e8re, des cookies peuvent \u00eatre cr\u00e9\u00e9s sur votre ordinateur si vous visionnez une de ces vid\u00e9os, mais YouTube ne stockera toutefois aucune information personnelle permettant de vous identifier du fait de visionner une vid\u00e9o en mode de confidentialit\u00e9 am\u00e9lior\u00e9e.<\/p>\n<p class=\"p1\">Pour en savoir plus, vous pouvez visiter \"Gestion des options d'int\u00e9gration de vid\u00e9os sur YouTube\" : https:\/\/support.google.com\/youtube\/answer\/171780?hl=es.<\/p>\n<p class=\"p1\">Types de cookies utilis\u00e9s par YouTube : https:\/\/policies.google.com\/technologies\/types?hl=es&amp;gl=es.<\/p>\n<p class=\"p1\">Nom du cookie\tDur\u00e9e\tDescription<\/p>\n<p class=\"p1\">GPS\tAnnuel\tCookie youtube.com<\/p>\n<p class=\"p1\">PREF\t8 mois\tPr\u00e9f\u00e9rences de visualisation de vid\u00e9os<\/p>\n<p class=\"p1\">VISITOR_INFO1_LIVE\tSemestriel\tSuivi des vid\u00e9os int\u00e9gr\u00e9es<\/p>\n<p class=\"p1\">YSC\tSession\tContr\u00f4le des visites des vid\u00e9os<\/p>\n<p class=\"p1\">Cookies de Facebook<\/p>\n<p class=\"p1\">Nous utilisons le pixel Facebook qui utilise des cookies afin de fournir des services de mesure et des annonces cibl\u00e9es. Le pixel Facebook est utilis\u00e9 pour la publicit\u00e9 et l'analyse, ce qui permet d'utiliser des fonctions publicitaires, telles que les audiences, les conversions, le ciblage et l'optimisation, ainsi que les donn\u00e9es de Facebook Analytics.<\/p>\n<p class=\"p1\">\u2981 Politique de Confidentialit\u00e9 Facebook https:\/\/www.facebook.com\/about\/privacy\/update\/printable<\/p>\n<p class=\"p1\">\u2981 Politique de Cookies de Facebook https:\/\/www.facebook.com\/policy\/cookies\/printable<\/p>\n<p class=\"p1\">\u2981 Les visiteurs du site web peuvent consulter les param\u00e8tres des annonces Facebook et mettre \u00e0 jour leurs pr\u00e9f\u00e9rences \u00e0 tout moment.<\/p>\n<p class=\"p1\">Cookies pour le pixel Facebook:<\/p>\n<p class=\"p1\">Nom du cookie\tDescription\tFonction\tExpiration<\/p>\n<p class=\"p1\">Facebook - _fbp\tCe cookie aide \u00e0 diffuser notre publicit\u00e9 aux personnes qui ont d\u00e9j\u00e0 visit\u00e9 notre site web lorsqu'elles sont sur Facebook ou sur une plateforme num\u00e9rique aliment\u00e9e par Facebook Advertising.\tCookies de ciblage\/remarketing\tSession<\/p>\n<p class=\"p1\"><strong>COMMENT VISUALISER LES COOKIES DE CE SITE WEB<\/strong><\/p>\n<p class=\"p1\">Tous les navigateurs offrent \u00e0 l'utilisateur la possibilit\u00e9 de rechercher et de visualiser les cookies qu'un site web sp\u00e9cifique installe, d'obtenir des informations relatives \u00e0 leur dur\u00e9e et la possibilit\u00e9 de les supprimer, comme indiqu\u00e9 dans la section suivante. Voici une s\u00e9rie de liens informatifs \u00e0 ce sujet pour les navigateurs les plus utilis\u00e9s:<\/p>\n<p class=\"p1\">Google Chrome:\nhttps:\/\/support.google.com\/chrome\/answer\/95647?hl=fr<\/p>\n<p class=\"p1\">Mozilla Firefox: https:\/\/support.mozilla.org\/fr\/kb\/activer-desactiver-cookies-preferences<\/p>\n<p class=\"p1\">Internet Explorer:\nhttps:\/\/support.microsoft.com\/fr-fr\/help\/278835<\/p>\n<p class=\"p1\"><strong>COMMENT SUPPRIMER LES COOKIES<\/strong><\/p>\n<p class=\"p1\">\u00c9tant donn\u00e9 que les cookies sont stock\u00e9s sur le disque dur de l'UTILISATEUR et peuvent \u00eatre utilis\u00e9s par le navigateur \u00e0 tout moment, l'UTILISATEUR peut \u00e0 tout moment d\u00e9sactiver ou supprimer manuellement les cookies d\u00e9j\u00e0 install\u00e9s ou stock\u00e9s en suivant ces proc\u00e9dures en fonction du navigateur utilis\u00e9:<\/p>\n<p class=\"p1\">Firefox<\/p>\n<p class=\"p1\">Chrome<\/p>\n<p class=\"p1\">Internet Explorer<\/p>\n<p class=\"p1\">Safari<\/p>\n<p class=\"p1\">Safari pour iPhone, iPad ou iPod Touch<\/p>\n<p class=\"p1\">De m\u00eame, si l'UTILISATEUR souhaite naviguer de mani\u00e8re anonyme sur notre site web, il peut le faire via le navigateur TOR ou utiliser le navigateur BRAVE pour bloquer tout type de publicit\u00e9.<\/p>\n<p class=\"p1\"><strong>MISE \u00c0 JOUR ET MODIFICATIONS DE LA POLITIQUE DE COOKIES<\/strong><\/p>\n<p class=\"p1\">L'Utilisateur comprend et accepte que les pr\u00e9sentes POLITIQUES D'UTILISATION DES COOKIES DE LA PLATEFORME NATHY REALTY peuvent \u00eatre r\u00e9vis\u00e9es et modifi\u00e9es par NATHY REALTY \u00e0 tout moment, par la publication d'une nouvelle version de ces Termes sur le site web. Il est entendu qu'il n'existe aucune obligation pour NATHY REALTY de notifier individuellement l'Utilisateur des changements effectu\u00e9s, mais que ceux-ci seront publi\u00e9s sur le site web pour son information.<\/p>\n<p class=\"p1\"><strong>CONSENTEMENT INFORM\u00c9<\/strong><\/p>\n<p class=\"p1\">L'Utilisateur ACCEPTE qu'il a lu et compris les pr\u00e9sentes \"POLITIQUES D'UTILISATION DES COOKIES DE LA PLATEFORME NATHY REALTY\" et en cliquant sur la case \"Accepter\", ainsi qu'en utilisant la plateforme NATHY REALTY, il exprime son acceptation de mani\u00e8re libre et consciente apr\u00e8s avoir examin\u00e9 de mani\u00e8re satisfaisante les informations qu'il consid\u00e8re ad\u00e9quates et suffisantes.<\/p>\n<p class=\"p1\">Tout commentaire, question ou observation relative \u00e0 ces Termes et Conditions peut \u00eatre adress\u00e9 par l'Utilisateur via l'adresse e-mail contact@nathyrealty.com.<\/p>\t\t\t\t\t\t\t\t<\/div>\n\t\t\t\t<\/div>\n\t\t\t\t\t<\/div>\n\t\t\t\t<\/div>\n\t\t\t\t<\/div>","protected":false},"excerpt":{"rendered":"<p>NATHY REALTY PLATFORM COOKIE USE POLICY WHAT ARE COOKIES? Cookies are any type of file created in the user&#8217;s browser to store and record data used on the user&#8217;s terminal equipment, with the purpose of storing information and retrieving already stored information. Cookies allow storage on the user&#8217;s terminal of data ranging from a few [&hellip;]<\/p>","protected":false},"author":1,"featured_media":0,"parent":0,"menu_order":0,"comment_status":"closed","ping_status":"closed","template":"","meta":{"_acf_changed":false,"iawp_total_views":18,"footnotes":""},"class_list":["post-936","page","type-page","status-publish","hentry"],"acf":[],"yoast_head":"<!-- This site is optimized with the Yoast SEO plugin v25.7 - https:\/\/yoast.com\/wordpress\/plugins\/seo\/ -->\n<title>NATHY REALTY PLATFORM COOKIE USE POLICY - Nathy Realty<\/title>\n<meta name=\"robots\" content=\"index, follow, max-snippet:-1, max-image-preview:large, max-video-preview:-1\" \/>\n<link rel=\"canonical\" href=\"https:\/\/nathyrealty.com\/fr\/nathy-realty-platform-cookie-use-policy\/\" \/>\n<meta property=\"og:locale\" content=\"fr_FR\" \/>\n<meta property=\"og:type\" content=\"article\" \/>\n<meta property=\"og:title\" content=\"NATHY REALTY PLATFORM COOKIE USE POLICY - Nathy Realty\" \/>\n<meta property=\"og:description\" content=\"NATHY REALTY PLATFORM COOKIE USE POLICY WHAT ARE COOKIES? Cookies are any type of file created in the user&#8217;s browser to store and record data used on the user&#8217;s terminal equipment, with the purpose of storing information and retrieving already stored information. Cookies allow storage on the user&#8217;s terminal of data ranging from a few [&hellip;]\" \/>\n<meta property=\"og:url\" content=\"https:\/\/nathyrealty.com\/fr\/nathy-realty-platform-cookie-use-policy\/\" \/>\n<meta property=\"og:site_name\" content=\"Nathy Realty\" \/>\n<meta property=\"article:modified_time\" content=\"2024-07-25T06:54:00+00:00\" \/>\n<meta name=\"twitter:card\" content=\"summary_large_image\" \/>\n<meta name=\"twitter:label1\" content=\"Dur\u00e9e de lecture estim\u00e9e\" \/>\n\t<meta name=\"twitter:data1\" content=\"8 minutes\" \/>\n<script type=\"application\/ld+json\" class=\"yoast-schema-graph\">{\"@context\":\"https:\/\/schema.org\",\"@graph\":[{\"@type\":\"WebPage\",\"@id\":\"https:\/\/nathyrealty.com\/nathy-realty-platform-cookie-use-policy\/\",\"url\":\"https:\/\/nathyrealty.com\/nathy-realty-platform-cookie-use-policy\/\",\"name\":\"NATHY REALTY PLATFORM COOKIE USE POLICY - Nathy Realty\",\"isPartOf\":{\"@id\":\"https:\/\/nathyrealty.com\/#website\"},\"datePublished\":\"2024-07-25T06:52:26+00:00\",\"dateModified\":\"2024-07-25T06:54:00+00:00\",\"breadcrumb\":{\"@id\":\"https:\/\/nathyrealty.com\/nathy-realty-platform-cookie-use-policy\/#breadcrumb\"},\"inLanguage\":\"fr-FR\",\"potentialAction\":[{\"@type\":\"ReadAction\",\"target\":[\"https:\/\/nathyrealty.com\/nathy-realty-platform-cookie-use-policy\/\"]}]},{\"@type\":\"BreadcrumbList\",\"@id\":\"https:\/\/nathyrealty.com\/nathy-realty-platform-cookie-use-policy\/#breadcrumb\",\"itemListElement\":[{\"@type\":\"ListItem\",\"position\":1,\"name\":\"Home\",\"item\":\"https:\/\/nathyrealty.com\/\"},{\"@type\":\"ListItem\",\"position\":2,\"name\":\"NATHY REALTY PLATFORM COOKIE USE POLICY\"}]},{\"@type\":\"WebSite\",\"@id\":\"https:\/\/nathyrealty.com\/#website\",\"url\":\"https:\/\/nathyrealty.com\/\",\"name\":\"Nathy Realty\",\"description\":\"Find your place in Bocas del Toro, Panama\",\"potentialAction\":[{\"@type\":\"SearchAction\",\"target\":{\"@type\":\"EntryPoint\",\"urlTemplate\":\"https:\/\/nathyrealty.com\/?s={search_term_string}\"},\"query-input\":{\"@type\":\"PropertyValueSpecification\",\"valueRequired\":true,\"valueName\":\"search_term_string\"}}],\"inLanguage\":\"fr-FR\"}]}<\/script>\n<!-- \/ Yoast SEO plugin. -->","yoast_head_json":{"title":"NATHY REALTY PLATFORM COOKIE USE POLICY - Nathy Realty","robots":{"index":"index","follow":"follow","max-snippet":"max-snippet:-1","max-image-preview":"max-image-preview:large","max-video-preview":"max-video-preview:-1"},"canonical":"https:\/\/nathyrealty.com\/fr\/nathy-realty-platform-cookie-use-policy\/","og_locale":"fr_FR","og_type":"article","og_title":"NATHY REALTY PLATFORM COOKIE USE POLICY - Nathy Realty","og_description":"NATHY REALTY PLATFORM COOKIE USE POLICY WHAT ARE COOKIES? Cookies are any type of file created in the user&#8217;s browser to store and record data used on the user&#8217;s terminal equipment, with the purpose of storing information and retrieving already stored information. Cookies allow storage on the user&#8217;s terminal of data ranging from a few [&hellip;]","og_url":"https:\/\/nathyrealty.com\/fr\/nathy-realty-platform-cookie-use-policy\/","og_site_name":"Nathy Realty","article_modified_time":"2024-07-25T06:54:00+00:00","twitter_card":"summary_large_image","twitter_misc":{"Dur\u00e9e de lecture estim\u00e9e":"8 minutes"},"schema":{"@context":"https:\/\/schema.org","@graph":[{"@type":"WebPage","@id":"https:\/\/nathyrealty.com\/nathy-realty-platform-cookie-use-policy\/","url":"https:\/\/nathyrealty.com\/nathy-realty-platform-cookie-use-policy\/","name":"NATHY REALTY PLATFORM COOKIE USE POLICY - Nathy Realty","isPartOf":{"@id":"https:\/\/nathyrealty.com\/#website"},"datePublished":"2024-07-25T06:52:26+00:00","dateModified":"2024-07-25T06:54:00+00:00","breadcrumb":{"@id":"https:\/\/nathyrealty.com\/nathy-realty-platform-cookie-use-policy\/#breadcrumb"},"inLanguage":"fr-FR","potentialAction":[{"@type":"ReadAction","target":["https:\/\/nathyrealty.com\/nathy-realty-platform-cookie-use-policy\/"]}]},{"@type":"BreadcrumbList","@id":"https:\/\/nathyrealty.com\/nathy-realty-platform-cookie-use-policy\/#breadcrumb","itemListElement":[{"@type":"ListItem","position":1,"name":"Home","item":"https:\/\/nathyrealty.com\/"},{"@type":"ListItem","position":2,"name":"NATHY REALTY PLATFORM COOKIE USE POLICY"}]},{"@type":"WebSite","@id":"https:\/\/nathyrealty.com\/#website","url":"https:\/\/nathyrealty.com\/","name":"Nathy Realty","description":"Find your place in Bocas del Toro, Panama","potentialAction":[{"@type":"SearchAction","target":{"@type":"EntryPoint","urlTemplate":"https:\/\/nathyrealty.com\/?s={search_term_string}"},"query-input":{"@type":"PropertyValueSpecification","valueRequired":true,"valueName":"search_term_string"}}],"inLanguage":"fr-FR"}]}},"_links":{"self":[{"href":"https:\/\/nathyrealty.com\/fr\/wp-json\/wp\/v2\/pages\/936","targetHints":{"allow":["GET"]}}],"collection":[{"href":"https:\/\/nathyrealty.com\/fr\/wp-json\/wp\/v2\/pages"}],"about":[{"href":"https:\/\/nathyrealty.com\/fr\/wp-json\/wp\/v2\/types\/page"}],"author":[{"embeddable":true,"href":"https:\/\/nathyrealty.com\/fr\/wp-json\/wp\/v2\/users\/1"}],"replies":[{"embeddable":true,"href":"https:\/\/nathyrealty.com\/fr\/wp-json\/wp\/v2\/comments?post=936"}],"version-history":[{"count":0,"href":"https:\/\/nathyrealty.com\/fr\/wp-json\/wp\/v2\/pages\/936\/revisions"}],"wp:attachment":[{"href":"https:\/\/nathyrealty.com\/fr\/wp-json\/wp\/v2\/media?parent=936"}],"curies":[{"name":"wp","href":"https:\/\/api.w.org\/{rel}","templated":true}]}}