{"id":924,"date":"2024-07-25T06:48:54","date_gmt":"2024-07-25T06:48:54","guid":{"rendered":"https:\/\/nathyrealty.com\/?page_id=924"},"modified":"2024-07-25T06:52:01","modified_gmt":"2024-07-25T06:52:01","slug":"purchase-conditions-for-advertisements","status":"publish","type":"page","link":"https:\/\/nathyrealty.com\/fr\/purchase-conditions-for-advertisements\/","title":{"rendered":"CONDITION D'ACHAT DES ANNONCES"},"content":{"rendered":"<div data-elementor-type=\"wp-page\" data-elementor-id=\"924\" class=\"elementor elementor-924\" data-elementor-post-type=\"page\">\n\t\t\t\t<div class=\"elementor-element elementor-element-47056937 e-flex e-con-boxed e-con e-parent\" data-id=\"47056937\" data-element_type=\"container\">\n\t\t\t\t\t<div class=\"e-con-inner\">\n\t\t\t\t<div class=\"elementor-element elementor-element-32851ef elementor-widget elementor-widget-heading\" data-id=\"32851ef\" data-element_type=\"widget\" data-widget_type=\"heading.default\">\n\t\t\t\t<div class=\"elementor-widget-container\">\n\t\t\t\t\t<h2 class=\"elementor-heading-title elementor-size-default\">CONDITION D'ACHAT DES ANNONCES<\/h2>\t\t\t\t<\/div>\n\t\t\t\t<\/div>\n\t\t\t\t<div class=\"elementor-element elementor-element-22a3f958 elementor-widget elementor-widget-text-editor\" data-id=\"22a3f958\" data-element_type=\"widget\" data-widget_type=\"text-editor.default\">\n\t\t\t\t<div class=\"elementor-widget-container\">\n\t\t\t\t\t\t\t\t\t\n<p class=\"p1\"><strong>1. Conditions g\u00e9n\u00e9rales<\/strong><\/p>\n<p class=\"p1\"><strong>1.1.<\/strong> Nathy Realty permet aux ANNONCEURS  de publier des annonces commerciales sur sa plateforme, afin de faciliter la vente de biens immobiliers au Panama. En raison de ce qui pr\u00e9c\u00e8de, l'ANNONCEUR comprend qu'il doit lire et conna\u00eetre toutes les informations associ\u00e9es \u00e0 ce service d\u00e9crites dans ces conditions d'achat d'annonces, avant de proc\u00e9der \u00e0 l'achat des annonces.<\/p>\n<p class=\"p1\"><strong>1.2.<\/strong>\u00a0Les prix des annonces sont exprim\u00e9s en dollars et le montant sera disponible au moment de l'achat de l'annonce. Les prix incluent d\u00e9j\u00e0 les taxes et sont des prix finaux.<\/p>\n<p class=\"p1\"><strong>1.3.<\/strong> Pour pouvoir publier une annonce, les Annonceurs doivent s'inscrire sur Nathy Realty.<\/p>\n<p class=\"p1\"><strong>1.4.<\/strong>\u00a0Les Annonceurs peuvent \u00eatre des personnes physiques ou des personnes morales telles que des agences immobili\u00e8res, des constructeurs ou des agences de gestion de propri\u00e9t\u00e9s, entre autres.<\/p>\n<p class=\"p1\"><strong>2. Politique de publicit\u00e9<\/strong><\/p>\n<p class=\"p1\"><strong>2.1.<\/strong>\u00a0Les Annonceurs peuvent souscrire aux annonces propos\u00e9es sur cette plateforme sous les conditions suivantes:<\/p>\n<p class=\"p1\">Les annonces peuvent concerner des propri\u00e9t\u00e9s situ\u00e9es au Panama, qui sont propos\u00e9es \u00e0 la vente.<\/p>\n<p class=\"p1\">Les professionnels peuvent acheter et publier des annonces pour leurs services professionnels.<\/p>\n<p class=\"p1\">Les annonces peuvent contenir :<\/p>\n<p class=\"p1\">La description du bien immobilier offerts par le professionnel.<\/p>\n<p class=\"p1\">Un maximum de 15 photographies ou vid\u00e9os.<\/p>\n<p class=\"p1\">L'emplacement de la propri\u00e9t\u00e9 ou du service sur Google Maps.<\/p>\n<p class=\"p1\">Si l'annonce concerne une propri\u00e9t\u00e9, le plan de la propri\u00e9t\u00e9 peut \u00eatre inclus.<\/p>\n<p class=\"p1\">L'annonce sera publi\u00e9e jusqu'\u00e0 la vente final du bien immobilier.<\/p>\n<p class=\"p1\"><strong>2.2.<\/strong>\u00a0Les annonces sont soumises aux restrictions et interdictions de contenu suivantes:<\/p>\n<p class=\"p1\">Les images, vid\u00e9os et textes de l'annonce doivent \u00eatre originaux et la propri\u00e9t\u00e9 exclusive de l'Annonceur. L'Annonceur est formellement interdit de publier dans les annonces des contenus pour lesquels il n'a pas les droits de propri\u00e9t\u00e9 intellectuelle ou n'est pas autoris\u00e9 par le titulaire.<\/p>\n<p class=\"p1\">Contenus se rapportant \u00e0 des mineurs, c'est-\u00e0-dire ceux demand\u00e9s en faveur des adultes et\/ou de l'emploi.<\/p>\n<p class=\"p1\">Contenus avec des messages explicites ou implicites \u00e0 connotation sexuelle ou li\u00e9s \u00e0 des services de nature sexuelle.<\/p>\n<p class=\"p1\">Vente de messages d'armes \u00e0 feu ou de tout autre accessoire pouvant \u00eatre consid\u00e9r\u00e9 comme une arme par les lois panam\u00e9ennes.<\/p>\n<p class=\"p1\">Vente de poudre \u00e0 canon ou de tout autre produit n\u00e9cessitant une autorisation sp\u00e9ciale des autorit\u00e9s panam\u00e9ennes.<\/p>\n<p class=\"p1\">Vente d'\u0153uvres d'art d'int\u00e9r\u00eat patrimonial ou dont la commercialisation est interdite.<\/p>\n<p class=\"p1\">Vente ou commercialisation d'organes du corps.<\/p>\n<p class=\"p1\">Contenu relatif aux m\u00e9dicaments ou traitements pour le VIH, l'impuissance sexuelle, la virilit\u00e9 ou tout autre m\u00e9dicament n\u00e9cessitant une autorisation des autorit\u00e9s sanitaires.<\/p>\n<p class=\"p1\">Contenus pouvant \u00eatre offensants pour un groupe ethnique sp\u00e9cifique ou annonces contenant des messages visant \u00e0 nuire \u00e0 la r\u00e9putation d'une personne, d'une entit\u00e9, d'un groupe ou ayant un caract\u00e8re discriminatoire ou raciste.<\/p>\n<p class=\"p1\">Contenu li\u00e9 \u00e0 la commercialisation de droits d'auteur et similaires, tels que des enregistrements, des programmes de t\u00e9l\u00e9vision et de radio, des livres, des magazines, etc.<\/p>\n<p class=\"p1\">Vente ou commercialisation d'animaux.<\/p>\n<p class=\"p1\">La m\u00eame propri\u00e9t\u00e9 ne peut \u00eatre publi\u00e9e plus d'une fois en m\u00eame temps.<\/p>\n<p class=\"p1\">Il n'est pas permis de publier des annonces essayant de vendre ou de commercialiser des mines, des terres dans des zones arch\u00e9ologiques ou tout terrain appartenant \u00e0 l'\u00c9tat ou sous un r\u00e9gime d'interdiction.<\/p>\n<p class=\"p1\">La vente de lots de cimeti\u00e8re n'est pas autoris\u00e9e.<\/p>\n<p class=\"p1\">La publication de ventes aux ench\u00e8res n'est pas autoris\u00e9e.<\/p>\n<p class=\"p1\">Les annonces avec des photos de mineurs ne sont pas autoris\u00e9es.<\/p>\n<p class=\"p1\">Les annonces avec des images de nudit\u00e9 explicite ou de contenu \u00e9rotique ne sont pas autoris\u00e9es.<\/p>\n<p class=\"p1\"><strong>3.<\/strong>\u00a0<strong>R\u00e9serve de droits<\/strong><\/p>\n<p class=\"p1\">Nathy Realty se r\u00e9serve le droit de refuser la publication de toute annonce si elle estime, \u00e0 sa seule discr\u00e9tion, que l'annonce contient un contenu susceptible de porter atteinte aux droits des tiers ou ne respecte pas les Conditions d'Achat des Annonces.<\/p>\n<p class=\"p1\"><strong>4. M\u00e9thode de paiement et processus d'achat<\/strong><\/p>\n<p class=\"p1\">Pour pouvoir acheter et acheter les annonces commerciales sur Nathy Realty, l'Annonceur doit disposer d'une m\u00e9thode de paiement valide et en cours de validit\u00e9, carte de d\u00e9bit ou de cr\u00e9dit des op\u00e9rateurs internationaux VISA et MASTERCARD, et l'Annonceur doit \u00e9galement disposer d'une connexion Internet stable permettant de compl\u00e9ter la transaction sans aucune interruption.<\/p>\n<p class=\"p1\"><strong>4.1. Du processus d'achat<\/strong><\/p>\n<p class=\"p1\">Une fois que l'Annonceur a lu, v\u00e9rifi\u00e9 et accept\u00e9 les informations de l'annonce ainsi que le co\u00fbt \u00e0 payer, il peut proc\u00e9der \u00e0 l'achat de l'annonce au travers du lien qui lui sera envoy\u00e9 sur son email.<\/p>\n<p class=\"p1\"><strong>4.2. De la passerelle de paiement<\/strong><\/p>\n<p class=\"p1\">Nathy Realty utilise comme plateforme de traitement des paiements ou m\u00e9thode de paiement les entreprises Stripe.com.<\/p>\n<p class=\"p1\">D\u00e8s la r\u00e9ception par email du lien de paiement Stripe.com, , l'Annonceur devra saisir les informations financi\u00e8res n\u00e9cessaires pour traiter et autoriser le paiement en faveur de Nathy Realty.<\/p>\n<p class=\"p1\">Pour ce qui pr\u00e9c\u00e8de, Nathy Realty ne re\u00e7oit en aucune mani\u00e8re ni ne traite les donn\u00e9es financi\u00e8res de l'Annonceur, ces informations \u00e9tant collect\u00e9es et g\u00e9r\u00e9es par Stripe.com sur leurs serveurs et leurs processeurs affili\u00e9s VISA et Mastercard. Stripe.com peut accepter ou refuser la transaction conform\u00e9ment \u00e0 leurs propres politiques de traitement des paiements, si l'achat est approuv\u00e9, il sera alors enregistr\u00e9 dans notre syst\u00e8me.<\/p>\n<p class=\"p1\">L'Annonceur recevra un email avec le re\u00e7u de confirmation que la transaction a \u00e9t\u00e9 r\u00e9ussie.<\/p>\n<p class=\"p1\">En cas de tentative de fraude d\u00e9tect\u00e9e par un Annonceur, Nathy Realty et Stripe.com seront habilit\u00e9s non seulement \u00e0 bloquer les acc\u00e8s de cet Annonceur mais aussi \u00e0 le signaler aux autorit\u00e9s comp\u00e9tentes pour proc\u00e9der \u00e0 l'enqu\u00eate correspondante.<\/p>\n<p class=\"p1\"><strong>4.3. R\u00e9tractation et garantie<\/strong><\/p>\n<p class=\"p1\">L'Annonceur peut exercer son droit de r\u00e9tractation et de remboursement 8 jours calendaires apr\u00e8s avoir pay\u00e9 l'annonce, pour cela il doit \u00e9crire \u00e0 l'adresse email contact@nathyrealty.com.<\/p>\n<p class=\"p1\"><strong>5. V\u00e9racit\u00e9 des informations<\/strong><\/p>\n<p class=\"p1\">Toutes les informations fournies par l'Annonceur \u00e0 Nathy Realty sont pr\u00e9sum\u00e9es v\u00e9ridiques et auront le caract\u00e8re de d\u00e9claration sous serment, avec connaissance des sanctions pr\u00e9vues par la loi, et r\u00e9it\u00e8rent que les donn\u00e9es d\u00e9clar\u00e9es sont l\u00e9gitimes. Si Nathy Realty d\u00e9termine que l'Annonceur lui a fourni des informations fausses, frauduleuses, inexactes ou omis des informations n\u00e9cessaires pour r\u00e9aliser la transaction financi\u00e8re, elle sera habilit\u00e9e \u00e0 refuser la vente de l'Annonce, \u00e0 d\u00e9sactiver imm\u00e9diatement l'acc\u00e8s \u00e0 la plateforme et \u00e0 r\u00e9clamer les dommages et int\u00e9r\u00eats qui lui ont \u00e9t\u00e9 caus\u00e9s.<\/p>\n<p class=\"p1\"><strong>6. V\u00e9rification d'identit\u00e9<\/strong><\/p>\n<p class=\"p1\">Si Nathy Realty le juge n\u00e9cessaire, elle pourra demander toute sorte de documentation et d'informations suppl\u00e9mentaires \u00e0 l'Annonceur, ce qui sera requis par email ou par t\u00e9l\u00e9phone. Si l'Annonceur ne pr\u00e9sente pas la documentation et\/ou les informations requises dans les soixante-douze heures suivant l'envoi de la demande, l'acc\u00e8s \u00e0 la plateforme pourra \u00eatre suspendu par Nathy Realty.<\/p>\n<p class=\"p1\"><strong>7. Responsabilit\u00e9<\/strong><\/p>\n<p class=\"p1\">Nathy Realty ne sera pas responsable de la disponibilit\u00e9 ou des \u00e9ventuelles pannes pouvant survenir sur le serveur ou dans le fonctionnement du Site Web et qui emp\u00eachent les transactions de l'Annonceur. Il est express\u00e9ment \u00e9tabli que Nathy Realty, d\u00e9pendant de tiers pour fournir ses services sur Internet, ne garantit ni n'est responsable des probl\u00e8mes ou limitations du syst\u00e8me affectant l'utilisation de la plateforme, ni ne sera responsable des transactions et\/ou services ne pouvant \u00eatre r\u00e9alis\u00e9s ou fournis en raison de probl\u00e8mes et\/ou interruptions de la plateforme ind\u00e9pendants de Nathy Realty.<\/p>\t\t\t\t\t\t\t\t<\/div>\n\t\t\t\t<\/div>\n\t\t\t\t\t<\/div>\n\t\t\t\t<\/div>\n\t\t\t\t<\/div>","protected":false},"excerpt":{"rendered":"<p>PURCHASE CONDITIONS FOR ADVERTISEMENTS 1. General Conditions 1.1. Nathy Realty allows ADVERTISERS to post commercial ads on its platform to facilitate the sale of real estate properties in Panama. Consequently, the ADVERTISER understands that they must read and be aware of all information associated with this service described in these advertisement purchase conditions before proceeding [&hellip;]<\/p>","protected":false},"author":1,"featured_media":0,"parent":0,"menu_order":0,"comment_status":"closed","ping_status":"closed","template":"","meta":{"_acf_changed":false,"iawp_total_views":7,"footnotes":""},"class_list":["post-924","page","type-page","status-publish","hentry"],"acf":[],"yoast_head":"<!-- This site is optimized with the Yoast SEO plugin v25.7 - https:\/\/yoast.com\/wordpress\/plugins\/seo\/ -->\n<title>PURCHASE CONDITIONS FOR ADVERTISEMENTS - Nathy Realty<\/title>\n<meta name=\"robots\" content=\"index, follow, max-snippet:-1, max-image-preview:large, max-video-preview:-1\" \/>\n<link rel=\"canonical\" href=\"https:\/\/nathyrealty.com\/fr\/purchase-conditions-for-advertisements\/\" \/>\n<meta property=\"og:locale\" content=\"fr_FR\" \/>\n<meta property=\"og:type\" content=\"article\" \/>\n<meta property=\"og:title\" content=\"PURCHASE CONDITIONS FOR ADVERTISEMENTS - Nathy Realty\" \/>\n<meta property=\"og:description\" content=\"PURCHASE CONDITIONS FOR ADVERTISEMENTS 1. General Conditions 1.1. Nathy Realty allows ADVERTISERS to post commercial ads on its platform to facilitate the sale of real estate properties in Panama. Consequently, the ADVERTISER understands that they must read and be aware of all information associated with this service described in these advertisement purchase conditions before proceeding [&hellip;]\" \/>\n<meta property=\"og:url\" content=\"https:\/\/nathyrealty.com\/fr\/purchase-conditions-for-advertisements\/\" \/>\n<meta property=\"og:site_name\" content=\"Nathy Realty\" \/>\n<meta property=\"article:modified_time\" content=\"2024-07-25T06:52:01+00:00\" \/>\n<meta name=\"twitter:card\" content=\"summary_large_image\" \/>\n<meta name=\"twitter:label1\" content=\"Dur\u00e9e de lecture estim\u00e9e\" \/>\n\t<meta name=\"twitter:data1\" content=\"5 minutes\" \/>\n<script type=\"application\/ld+json\" class=\"yoast-schema-graph\">{\"@context\":\"https:\/\/schema.org\",\"@graph\":[{\"@type\":\"WebPage\",\"@id\":\"https:\/\/nathyrealty.com\/purchase-conditions-for-advertisements\/\",\"url\":\"https:\/\/nathyrealty.com\/purchase-conditions-for-advertisements\/\",\"name\":\"PURCHASE CONDITIONS FOR ADVERTISEMENTS - Nathy Realty\",\"isPartOf\":{\"@id\":\"https:\/\/nathyrealty.com\/#website\"},\"datePublished\":\"2024-07-25T06:48:54+00:00\",\"dateModified\":\"2024-07-25T06:52:01+00:00\",\"breadcrumb\":{\"@id\":\"https:\/\/nathyrealty.com\/purchase-conditions-for-advertisements\/#breadcrumb\"},\"inLanguage\":\"fr-FR\",\"potentialAction\":[{\"@type\":\"ReadAction\",\"target\":[\"https:\/\/nathyrealty.com\/purchase-conditions-for-advertisements\/\"]}]},{\"@type\":\"BreadcrumbList\",\"@id\":\"https:\/\/nathyrealty.com\/purchase-conditions-for-advertisements\/#breadcrumb\",\"itemListElement\":[{\"@type\":\"ListItem\",\"position\":1,\"name\":\"Home\",\"item\":\"https:\/\/nathyrealty.com\/\"},{\"@type\":\"ListItem\",\"position\":2,\"name\":\"PURCHASE CONDITIONS FOR ADVERTISEMENTS\"}]},{\"@type\":\"WebSite\",\"@id\":\"https:\/\/nathyrealty.com\/#website\",\"url\":\"https:\/\/nathyrealty.com\/\",\"name\":\"Nathy Realty\",\"description\":\"Find your place in Bocas del Toro, Panama\",\"potentialAction\":[{\"@type\":\"SearchAction\",\"target\":{\"@type\":\"EntryPoint\",\"urlTemplate\":\"https:\/\/nathyrealty.com\/?s={search_term_string}\"},\"query-input\":{\"@type\":\"PropertyValueSpecification\",\"valueRequired\":true,\"valueName\":\"search_term_string\"}}],\"inLanguage\":\"fr-FR\"}]}<\/script>\n<!-- \/ Yoast SEO plugin. -->","yoast_head_json":{"title":"PURCHASE CONDITIONS FOR ADVERTISEMENTS - Nathy Realty","robots":{"index":"index","follow":"follow","max-snippet":"max-snippet:-1","max-image-preview":"max-image-preview:large","max-video-preview":"max-video-preview:-1"},"canonical":"https:\/\/nathyrealty.com\/fr\/purchase-conditions-for-advertisements\/","og_locale":"fr_FR","og_type":"article","og_title":"PURCHASE CONDITIONS FOR ADVERTISEMENTS - Nathy Realty","og_description":"PURCHASE CONDITIONS FOR ADVERTISEMENTS 1. General Conditions 1.1. Nathy Realty allows ADVERTISERS to post commercial ads on its platform to facilitate the sale of real estate properties in Panama. Consequently, the ADVERTISER understands that they must read and be aware of all information associated with this service described in these advertisement purchase conditions before proceeding [&hellip;]","og_url":"https:\/\/nathyrealty.com\/fr\/purchase-conditions-for-advertisements\/","og_site_name":"Nathy Realty","article_modified_time":"2024-07-25T06:52:01+00:00","twitter_card":"summary_large_image","twitter_misc":{"Dur\u00e9e de lecture estim\u00e9e":"5 minutes"},"schema":{"@context":"https:\/\/schema.org","@graph":[{"@type":"WebPage","@id":"https:\/\/nathyrealty.com\/purchase-conditions-for-advertisements\/","url":"https:\/\/nathyrealty.com\/purchase-conditions-for-advertisements\/","name":"PURCHASE CONDITIONS FOR ADVERTISEMENTS - Nathy Realty","isPartOf":{"@id":"https:\/\/nathyrealty.com\/#website"},"datePublished":"2024-07-25T06:48:54+00:00","dateModified":"2024-07-25T06:52:01+00:00","breadcrumb":{"@id":"https:\/\/nathyrealty.com\/purchase-conditions-for-advertisements\/#breadcrumb"},"inLanguage":"fr-FR","potentialAction":[{"@type":"ReadAction","target":["https:\/\/nathyrealty.com\/purchase-conditions-for-advertisements\/"]}]},{"@type":"BreadcrumbList","@id":"https:\/\/nathyrealty.com\/purchase-conditions-for-advertisements\/#breadcrumb","itemListElement":[{"@type":"ListItem","position":1,"name":"Home","item":"https:\/\/nathyrealty.com\/"},{"@type":"ListItem","position":2,"name":"PURCHASE CONDITIONS FOR ADVERTISEMENTS"}]},{"@type":"WebSite","@id":"https:\/\/nathyrealty.com\/#website","url":"https:\/\/nathyrealty.com\/","name":"Nathy Realty","description":"Find your place in Bocas del Toro, Panama","potentialAction":[{"@type":"SearchAction","target":{"@type":"EntryPoint","urlTemplate":"https:\/\/nathyrealty.com\/?s={search_term_string}"},"query-input":{"@type":"PropertyValueSpecification","valueRequired":true,"valueName":"search_term_string"}}],"inLanguage":"fr-FR"}]}},"_links":{"self":[{"href":"https:\/\/nathyrealty.com\/fr\/wp-json\/wp\/v2\/pages\/924","targetHints":{"allow":["GET"]}}],"collection":[{"href":"https:\/\/nathyrealty.com\/fr\/wp-json\/wp\/v2\/pages"}],"about":[{"href":"https:\/\/nathyrealty.com\/fr\/wp-json\/wp\/v2\/types\/page"}],"author":[{"embeddable":true,"href":"https:\/\/nathyrealty.com\/fr\/wp-json\/wp\/v2\/users\/1"}],"replies":[{"embeddable":true,"href":"https:\/\/nathyrealty.com\/fr\/wp-json\/wp\/v2\/comments?post=924"}],"version-history":[{"count":0,"href":"https:\/\/nathyrealty.com\/fr\/wp-json\/wp\/v2\/pages\/924\/revisions"}],"wp:attachment":[{"href":"https:\/\/nathyrealty.com\/fr\/wp-json\/wp\/v2\/media?parent=924"}],"curies":[{"name":"wp","href":"https:\/\/api.w.org\/{rel}","templated":true}]}}