{"id":361,"date":"2024-07-01T17:21:41","date_gmt":"2024-07-01T17:21:41","guid":{"rendered":"https:\/\/nathyrealty.com\/v1\/?page_id=361"},"modified":"2024-12-12T16:04:54","modified_gmt":"2024-12-12T16:04:54","slug":"consulting","status":"publish","type":"page","link":"https:\/\/nathyrealty.com\/fr\/consulting\/","title":{"rendered":"Consultant"},"content":{"rendered":"<div data-elementor-type=\"wp-page\" data-elementor-id=\"361\" class=\"elementor elementor-361\" data-elementor-post-type=\"page\">\n\t\t\t\t<div class=\"elementor-element elementor-element-429c8c0 e-flex e-con-boxed e-con e-parent\" data-id=\"429c8c0\" data-element_type=\"container\">\n\t\t\t\t\t<div class=\"e-con-inner\">\n\t\t\t\t<div class=\"elementor-element elementor-element-2f61c75 elementor-widget elementor-widget-heading\" data-id=\"2f61c75\" data-element_type=\"widget\" data-widget_type=\"heading.default\">\n\t\t\t\t<div class=\"elementor-widget-container\">\n\t\t\t\t\t<h2 class=\"elementor-heading-title elementor-size-default\">Consultant<\/h2>\t\t\t\t<\/div>\n\t\t\t\t<\/div>\n\t\t\t\t\t<\/div>\n\t\t\t\t<\/div>\n\t\t<div class=\"elementor-element elementor-element-b3768db e-flex e-con-boxed e-con e-parent\" data-id=\"b3768db\" data-element_type=\"container\">\n\t\t\t\t\t<div class=\"e-con-inner\">\n\t\t<div class=\"elementor-element elementor-element-556c1bb e-con-full e-flex e-con e-child\" data-id=\"556c1bb\" data-element_type=\"container\">\n\t\t\t\t<div class=\"elementor-element elementor-element-14a6f73 elementor-icon-list--layout-traditional elementor-list-item-link-full_width elementor-widget elementor-widget-icon-list\" data-id=\"14a6f73\" data-element_type=\"widget\" data-widget_type=\"icon-list.default\">\n\t\t\t\t<div class=\"elementor-widget-container\">\n\t\t\t\t\t\t\t<ul class=\"elementor-icon-list-items\">\n\t\t\t\t\t\t\t<li class=\"elementor-icon-list-item\">\n\t\t\t\t\t\t\t\t\t\t\t<span class=\"elementor-icon-list-icon\">\n\t\t\t\t\t\t\t<svg xmlns=\"http:\/\/www.w3.org\/2000\/svg\" xmlns:xlink=\"http:\/\/www.w3.org\/1999\/xlink\" id=\"Capa_1\" height=\"512\" viewbox=\"0 0 512 512\" width=\"512\"><lineargradient id=\"SVGID_1_\" gradientunits=\"userSpaceOnUse\" x1=\"210.395\" x2=\"210.395\" y1=\"542.365\" y2=\"154.52\"><stop offset=\"0\" stop-color=\"#d7d1eb\"><\/stop><stop offset=\"1\" stop-color=\"#e9e5f6\"><\/stop><\/lineargradient><lineargradient id=\"lg1\"><stop offset=\"0\" stop-color=\"#236568\"><\/stop><stop offset=\"1\" stop-color=\"#2f878a\"><\/stop><\/lineargradient><lineargradient id=\"SVGID_2_\" gradientunits=\"userSpaceOnUse\" x1=\"365.567\" x2=\"377.085\" xlink:href=\"#lg1\" y1=\"234.785\" y2=\"214.835\"><\/lineargradient><lineargradient id=\"SVGID_3_\" gradientunits=\"userSpaceOnUse\" x1=\"285.991\" x2=\"295.252\" xlink:href=\"#lg1\" y1=\"372.615\" y2=\"356.574\"><\/lineargradient><g><g><path d=\"m86.599 142.947 247.592-142.947v369.053l-247.592 142.947z\" fill=\"url(#SVGID_1_)\"><\/path><g fill=\"#594a8e\"><path d=\"m161.63 152.567 97.53-56.31v14.126l-97.53 56.309z\"><\/path><path d=\"m125.629 224.328 169.531-98.228v14.126l-169.531 98.228z\"><\/path><path d=\"m125.629 256.165 169.531-98.228v14.126l-169.531 98.227z\"><\/path><path d=\"m125.629 288.002 169.531-98.228v14.125l-169.531 98.228z\"><\/path><path d=\"m125.629 347.43 169.531-98.228v14.126l-169.531 98.228z\"><\/path><path d=\"m125.629 411.104 169.531-98.228v14.126l-169.531 98.227z\"><\/path><path d=\"m125.629 379.267 169.531-98.228v14.126l-169.531 98.228z\"><\/path><\/g><\/g><g><path d=\"m420.779 238.105c-.813-.615-1.681-1.092-2.576-1.463l-35.511-20.172c-5.737-4.337-13.995-2.484-17.33 3.888l-66.216 127.506-.705-.533c-2.108-1.593-4.418-2.673-6.797-3.323l-.018-.034-31.272-18.278c-1.705-1.29-3.545-2.239-5.444-2.908l-.068-.039.008.016c-9.074-3.161-19.574.57-24.31 9.617-4.539 8.672-2.143 19.354 5.665 25.257l60.252 45.549 38.087 21.635 89.527-172.036c2.641-5.041 1.247-11.251-3.292-14.682z\" fill=\"url(#SVGID_2_)\"><\/path><path d=\"m298.441 347.331c-2.108-1.593-4.418-2.673-6.796-3.323l-.018-.034-31.272-18.278c-1.705-1.29-3.545-2.239-5.444-2.908l-.068-.039.009.016c-9.074-3.161-19.574.57-24.31 9.617-4.539 8.672-2.144 19.354 5.665 25.257l60.252 45.549 38.087 21.635z\" fill=\"url(#SVGID_3_)\"><\/path><g><path d=\"m334.546 424.823-60.253-45.549c-7.808-5.902-10.204-16.585-5.665-25.256 5.737-10.962 19.944-14.148 29.813-6.687l36.104 27.295 68.904-132.633c3.335-6.372 11.593-8.224 17.33-3.888 4.539 3.431 5.932 9.641 3.294 14.682z\" fill=\"#06daae\"><\/path><\/g><\/g><\/g><\/svg>\t\t\t\t\t\t<\/span>\n\t\t\t\t\t\t\t\t\t\t<span class=\"elementor-icon-list-text\">Expertise des Droits de Possession<\/span>\n\t\t\t\t\t\t\t\t\t<\/li>\n\t\t\t\t\t\t<\/ul>\n\t\t\t\t\t\t<\/div>\n\t\t\t\t<\/div>\n\t\t\t\t<div class=\"elementor-element elementor-element-26fbac9 elementor-widget elementor-widget-text-editor\" data-id=\"26fbac9\" data-element_type=\"widget\" data-widget_type=\"text-editor.default\">\n\t\t\t\t<div class=\"elementor-widget-container\">\n\t\t\t\t\t\t\t\t\t<p class=\"p1\">You have found the place of your dreams, but it is a Right of Possession (ROP). This legal form in Panama can sometimes be tricky and almost impossible to guarantee 100%.<\/p><p class=\"p1\">15 ans d'experience, une analyse approfondie et certaines r\u00e8gles \u00e0 respecter permettent de s'en approcher. Le vice peut \u00eatre profondemment cach\u00e9 et tr\u00e8s difficile \u00e0 d\u00e9busquer voir m\u00eame impossible.<\/p><p class=\"p1\">Il est donc n\u00e9cessaire de redoubler d'attention. Nous pouvons vous aider dans cette d\u00e9marche.<\/p>\t\t\t\t\t\t\t\t<\/div>\n\t\t\t\t<\/div>\n\t\t\t\t<\/div>\n\t\t<div class=\"elementor-element elementor-element-35953da e-con-full e-flex e-con e-child\" data-id=\"35953da\" data-element_type=\"container\">\n\t\t\t\t<div class=\"elementor-element elementor-element-fe14ad6 elementor-icon-list--layout-traditional elementor-list-item-link-full_width elementor-widget elementor-widget-icon-list\" data-id=\"fe14ad6\" data-element_type=\"widget\" data-widget_type=\"icon-list.default\">\n\t\t\t\t<div class=\"elementor-widget-container\">\n\t\t\t\t\t\t\t<ul class=\"elementor-icon-list-items\">\n\t\t\t\t\t\t\t<li class=\"elementor-icon-list-item\">\n\t\t\t\t\t\t\t\t\t\t\t<span class=\"elementor-icon-list-icon\">\n\t\t\t\t\t\t\t<svg xmlns=\"http:\/\/www.w3.org\/2000\/svg\" xmlns:xlink=\"http:\/\/www.w3.org\/1999\/xlink\" id=\"Capa_1\" height=\"512\" viewbox=\"0 0 512 512\" width=\"512\"><lineargradient id=\"SVGID_1_\" gradientunits=\"userSpaceOnUse\" x1=\"318.826\" x2=\"272.771\" y1=\"383.185\" y2=\"303.415\"><stop offset=\"0\" stop-color=\"#ffc538\"><\/stop><stop offset=\"1\" stop-color=\"#f7e041\"><\/stop><\/lineargradient><lineargradient id=\"SVGID_2_\" gradientunits=\"userSpaceOnUse\" x1=\"296.411\" x2=\"296.411\" y1=\"-18.984\" y2=\"214.205\"><stop offset=\"0\" stop-color=\"#c5baeb\"><\/stop><stop offset=\".0623\" stop-color=\"#c9bfec\"><\/stop><stop offset=\".6642\" stop-color=\"#f0edfa\"><\/stop><stop offset=\".9662\" stop-color=\"#fff\"><\/stop><\/lineargradient><g><path d=\"m317.163 47.994v6.347l11.574-6.682v-6.347z\" fill=\"#e9e5f6\"><\/path><path d=\"m127.872 159.495 214.077-123.597v211.336c0 50.162 14.661 99.23 42.179 141.169l-214.077 123.597c-27.518-41.94-42.179-91.008-42.179-141.169z\" fill=\"url(#SVGID_1_)\"><\/path><g><g><path d=\"m310.435 113.219-85.649 49.316c-3.716 2.145-6.728 7.901-6.728 12.855 0 4.954 3.012 7.232 6.728 5.086l85.649-49.316c3.716-2.145 6.728-7.901 6.728-12.855 0-4.954-3.012-7.232-6.728-5.086z\" fill=\"#43386b\"><\/path><path d=\"m281.073 170.286-56.287 32.318c-3.716 2.145-6.728 7.901-6.728 12.855 0 4.954 3.012 7.232 6.728 5.087l56.287-32.318c3.716-2.145 6.728-7.901 6.728-12.855 0-4.955-3.012-7.232-6.728-5.087z\" fill=\"#43386b\"><\/path><g><path d=\"m202.183 233.258-35.568 20.535c-2.173 1.255-3.934-.077-3.934-2.974v-47.424c0-2.897 1.761-6.262 3.934-7.517l35.568-20.535c2.173-1.255 3.934.077 3.934 2.974v47.424c-.001 2.897-1.762 6.262-3.934 7.517zm-31.634 7.773 27.7-15.993v-36.934l-27.7 15.992z\" fill=\"#43386b\"><\/path><\/g><g><path d=\"m183.699 233.507-15.183-11.478c-1.821-1.376-1.821-5.312 0-8.792 1.819-3.477 4.773-5.183 6.593-3.806l8.59 6.494 20.467-39.106c1.819-3.477 4.773-5.183 6.593-3.806 1.821 1.376 1.821 5.312 0 8.792z\" fill=\"#ff4757\"><\/path><\/g><\/g><g><path d=\"m310.435 203.829-85.649 49.316c-3.716 2.145-6.728 7.901-6.728 12.855 0 4.954 3.012 7.232 6.728 5.086l85.649-49.316c3.716-2.145 6.728-7.901 6.728-12.855 0-4.954-3.012-7.231-6.728-5.086z\" fill=\"#43386b\"><\/path><path d=\"m281.073 260.897-56.287 32.318c-3.716 2.145-6.728 7.901-6.728 12.855 0 4.954 3.012 7.232 6.728 5.086l56.287-32.318c3.716-2.145 6.728-7.901 6.728-12.855 0-4.954-3.012-7.231-6.728-5.086z\" fill=\"#43386b\"><\/path><g><path d=\"m202.183 323.868-35.568 20.535c-2.173 1.255-3.934-.077-3.934-2.974v-47.424c0-2.897 1.761-6.262 3.934-7.517l35.568-20.535c2.173-1.254 3.934.077 3.934 2.974v47.424c-.001 2.898-1.762 6.263-3.934 7.517zm-31.634 7.774 27.7-15.993v-36.934l-27.7 15.992z\" fill=\"#43386b\"><\/path><\/g><g><path d=\"m183.699 324.118-15.183-11.478c-1.821-1.376-1.821-5.312 0-8.792 1.819-3.477 4.773-5.183 6.593-3.806l8.59 6.494 20.467-39.106c1.819-3.478 4.773-5.183 6.593-3.806 1.821 1.376 1.821 5.312 0 8.792z\" fill=\"#ff4757\"><\/path><\/g><\/g><g><path d=\"m310.435 294.44-85.649 49.316c-3.716 2.145-6.728 7.901-6.728 12.855 0 4.954 3.012 7.232 6.728 5.086l85.649-49.316c3.716-2.145 6.728-7.901 6.728-12.855 0-4.954-3.012-7.231-6.728-5.086z\" fill=\"#43386b\"><\/path><path d=\"m281.073 351.508-56.287 32.318c-3.716 2.145-6.728 7.901-6.728 12.855 0 4.954 3.012 7.232 6.728 5.086l56.287-32.318c3.716-2.145 6.728-7.901 6.728-12.855 0-4.955-3.012-7.232-6.728-5.086z\" fill=\"#43386b\"><\/path><g><path d=\"m202.183 414.479-35.568 20.535c-2.173 1.255-3.934-.077-3.934-2.974v-47.424c0-2.897 1.761-6.262 3.934-7.517l35.568-20.535c2.173-1.254 3.934.077 3.934 2.974v47.424c-.001 2.897-1.762 6.263-3.934 7.517zm-31.634 7.773 27.7-15.993v-36.934l-27.7 15.992z\" fill=\"#43386b\"><\/path><\/g><\/g><\/g><path d=\"m298.701 13.264c3.851-2.226 8.454-2.228 12.306-.004 3.855 2.224 6.155 6.208 6.155 10.658v26.29l11.574-6.682v-19.609c0-8.635-4.465-16.366-11.944-20.682s-16.409-4.313-23.885.008c-17.778 10.276-28.822 29.415-28.822 49.949v96.563c0 6.331 3.273 12.001 8.756 15.167 2.742 1.583 5.749 2.375 8.757 2.375s6.016-.792 8.758-2.374c9.254-5.343 15.002-15.3 15.002-25.986v-99.167c0-3.196-2.591-5.787-5.787-5.787s-5.787 2.591-5.787 5.787v99.167c0 6.564-3.532 12.68-9.217 15.962-2.679 1.547-5.046.516-5.939 0s-2.97-2.048-2.97-5.143v-96.564c.002-16.414 8.831-31.714 23.043-39.928z\" fill=\"url(#SVGID_2_)\"><\/path><\/g><\/svg>\t\t\t\t\t\t<\/span>\n\t\t\t\t\t\t\t\t\t\t<span class=\"elementor-icon-list-text\">Proc\u00e9dure d'achat d'un bien immobilier<\/span>\n\t\t\t\t\t\t\t\t\t<\/li>\n\t\t\t\t\t\t<\/ul>\n\t\t\t\t\t\t<\/div>\n\t\t\t\t<\/div>\n\t\t\t\t<div class=\"elementor-element elementor-element-f73b6fb elementor-widget elementor-widget-text-editor\" data-id=\"f73b6fb\" data-element_type=\"widget\" data-widget_type=\"text-editor.default\">\n\t\t\t\t<div class=\"elementor-widget-container\">\n\t\t\t\t\t\t\t\t\t<p class=\"p1\">Les proc\u00e9d\u00e9s d'achat d'un bien immobilier au Panama ne sont pas toujours s\u00e9curis\u00e9s comme ils devraient l'\u00eatre et peuvent parfois conduire \u00e0 un litige voir \u00e0 la perte de sommes d'argent importantes comme un d\u00e9p\u00f4t de garantie par exemple.<\/p><p class=\"p1\">En dehors de l'aspect juridique qui n'est aboslument pas notre domaine, certaines r\u00e8gles de bon sens \u00e0 respecter sont indispensables afin de garantir votre investissement jusqu'\u00e0 la signature finale de votre achat.<\/p><p class=\"p1\">Nous pouvons vous donner quelques pistes de base \u00e0 exploiter souvent ignor\u00e9es et qui pourtant sont essentielles.<\/p>\t\t\t\t\t\t\t\t<\/div>\n\t\t\t\t<\/div>\n\t\t\t\t<\/div>\n\t\t\t\t\t<\/div>\n\t\t\t\t<\/div>\n\t\t<div class=\"elementor-element elementor-element-94b2499 e-flex e-con-boxed e-con e-parent\" data-id=\"94b2499\" data-element_type=\"container\">\n\t\t\t\t\t<div class=\"e-con-inner\">\n\t\t\t\t<div class=\"elementor-element elementor-element-2f7e275 elementor-align-center e-transform elementor-widget elementor-widget-button\" data-id=\"2f7e275\" data-element_type=\"widget\" data-settings=\"{&quot;_transform_translateY_effect_hover&quot;:{&quot;unit&quot;:&quot;px&quot;,&quot;size&quot;:5,&quot;sizes&quot;:[]},&quot;_transform_translateX_effect_hover&quot;:{&quot;unit&quot;:&quot;px&quot;,&quot;size&quot;:&quot;&quot;,&quot;sizes&quot;:[]},&quot;_transform_translateX_effect_hover_widescreen&quot;:{&quot;unit&quot;:&quot;px&quot;,&quot;size&quot;:&quot;&quot;,&quot;sizes&quot;:[]},&quot;_transform_translateX_effect_hover_laptop&quot;:{&quot;unit&quot;:&quot;px&quot;,&quot;size&quot;:&quot;&quot;,&quot;sizes&quot;:[]},&quot;_transform_translateX_effect_hover_tablet&quot;:{&quot;unit&quot;:&quot;px&quot;,&quot;size&quot;:&quot;&quot;,&quot;sizes&quot;:[]},&quot;_transform_translateX_effect_hover_mobile&quot;:{&quot;unit&quot;:&quot;px&quot;,&quot;size&quot;:&quot;&quot;,&quot;sizes&quot;:[]},&quot;_transform_translateY_effect_hover_widescreen&quot;:{&quot;unit&quot;:&quot;px&quot;,&quot;size&quot;:&quot;&quot;,&quot;sizes&quot;:[]},&quot;_transform_translateY_effect_hover_laptop&quot;:{&quot;unit&quot;:&quot;px&quot;,&quot;size&quot;:&quot;&quot;,&quot;sizes&quot;:[]},&quot;_transform_translateY_effect_hover_tablet&quot;:{&quot;unit&quot;:&quot;px&quot;,&quot;size&quot;:&quot;&quot;,&quot;sizes&quot;:[]},&quot;_transform_translateY_effect_hover_mobile&quot;:{&quot;unit&quot;:&quot;px&quot;,&quot;size&quot;:&quot;&quot;,&quot;sizes&quot;:[]}}\" data-widget_type=\"button.default\">\n\t\t\t\t<div class=\"elementor-widget-container\">\n\t\t\t\t\t\t\t\t\t<div class=\"elementor-button-wrapper\">\n\t\t\t\t\t<a class=\"elementor-button elementor-button-link elementor-size-sm\" href=\"\/fr\/contact\/\">\n\t\t\t\t\t\t<span class=\"elementor-button-content-wrapper\">\n\t\t\t\t\t\t\t\t\t<span class=\"elementor-button-text\">Contactez-nous<\/span>\n\t\t\t\t\t<\/span>\n\t\t\t\t\t<\/a>\n\t\t\t\t<\/div>\n\t\t\t\t\t\t\t\t<\/div>\n\t\t\t\t<\/div>\n\t\t\t\t\t<\/div>\n\t\t\t\t<\/div>\n\t\t\t\t<\/div>","protected":false},"excerpt":{"rendered":"<p>Right Of Possession Expertise You have found the place of your dreams, but it is a Right of Possession (ROP). This legal form in Panama can sometimes be tricky and almost impossible to guarantee 100%. 15 years of experience, an in-depth analysis of the situation and certain rules to respect allow us to get closer. [&hellip;]<\/p>","protected":false},"author":1,"featured_media":0,"parent":0,"menu_order":0,"comment_status":"closed","ping_status":"closed","template":"","meta":{"_acf_changed":false,"iawp_total_views":112,"footnotes":""},"class_list":["post-361","page","type-page","status-publish","hentry"],"acf":[],"yoast_head":"<!-- This site is optimized with the Yoast SEO plugin v25.7 - https:\/\/yoast.com\/wordpress\/plugins\/seo\/ -->\n<title>Consulting - Coordination of construction, Expertise, Procedures<\/title>\n<meta name=\"description\" content=\"We can help you with coordination of construction work, Right of Possession Expertise and Procedure for purchasing Real Estate\" \/>\n<meta name=\"robots\" content=\"index, follow, max-snippet:-1, max-image-preview:large, max-video-preview:-1\" \/>\n<link rel=\"canonical\" href=\"https:\/\/nathyrealty.com\/fr\/consulting\/\" \/>\n<meta property=\"og:locale\" content=\"fr_FR\" \/>\n<meta property=\"og:type\" content=\"article\" \/>\n<meta property=\"og:title\" content=\"Consulting - Coordination of construction, Expertise, Procedures\" \/>\n<meta property=\"og:description\" content=\"We can help you with coordination of construction work, Right of Possession Expertise and Procedure for purchasing Real Estate\" \/>\n<meta property=\"og:url\" content=\"https:\/\/nathyrealty.com\/fr\/consulting\/\" \/>\n<meta property=\"og:site_name\" content=\"Nathy Realty\" \/>\n<meta property=\"article:modified_time\" content=\"2024-12-12T16:04:54+00:00\" \/>\n<meta name=\"twitter:card\" content=\"summary_large_image\" \/>\n<meta name=\"twitter:label1\" content=\"Dur\u00e9e de lecture estim\u00e9e\" \/>\n\t<meta name=\"twitter:data1\" content=\"1 minute\" \/>\n<script type=\"application\/ld+json\" class=\"yoast-schema-graph\">{\"@context\":\"https:\/\/schema.org\",\"@graph\":[{\"@type\":\"WebPage\",\"@id\":\"https:\/\/nathyrealty.com\/consulting\/\",\"url\":\"https:\/\/nathyrealty.com\/consulting\/\",\"name\":\"Consulting - Coordination of construction, Expertise, Procedures\",\"isPartOf\":{\"@id\":\"https:\/\/nathyrealty.com\/#website\"},\"datePublished\":\"2024-07-01T17:21:41+00:00\",\"dateModified\":\"2024-12-12T16:04:54+00:00\",\"description\":\"We can help you with coordination of construction work, Right of Possession Expertise and Procedure for purchasing Real Estate\",\"breadcrumb\":{\"@id\":\"https:\/\/nathyrealty.com\/consulting\/#breadcrumb\"},\"inLanguage\":\"fr-FR\",\"potentialAction\":[{\"@type\":\"ReadAction\",\"target\":[\"https:\/\/nathyrealty.com\/consulting\/\"]}]},{\"@type\":\"BreadcrumbList\",\"@id\":\"https:\/\/nathyrealty.com\/consulting\/#breadcrumb\",\"itemListElement\":[{\"@type\":\"ListItem\",\"position\":1,\"name\":\"Home\",\"item\":\"https:\/\/nathyrealty.com\/\"},{\"@type\":\"ListItem\",\"position\":2,\"name\":\"Consulting\"}]},{\"@type\":\"WebSite\",\"@id\":\"https:\/\/nathyrealty.com\/#website\",\"url\":\"https:\/\/nathyrealty.com\/\",\"name\":\"Nathy Realty\",\"description\":\"Find your place in Bocas del Toro, Panama\",\"potentialAction\":[{\"@type\":\"SearchAction\",\"target\":{\"@type\":\"EntryPoint\",\"urlTemplate\":\"https:\/\/nathyrealty.com\/?s={search_term_string}\"},\"query-input\":{\"@type\":\"PropertyValueSpecification\",\"valueRequired\":true,\"valueName\":\"search_term_string\"}}],\"inLanguage\":\"fr-FR\"}]}<\/script>\n<!-- \/ Yoast SEO plugin. -->","yoast_head_json":{"title":"Consulting - Coordination of construction, Expertise, Procedures","description":"We can help you with coordination of construction work, Right of Possession Expertise and Procedure for purchasing Real Estate","robots":{"index":"index","follow":"follow","max-snippet":"max-snippet:-1","max-image-preview":"max-image-preview:large","max-video-preview":"max-video-preview:-1"},"canonical":"https:\/\/nathyrealty.com\/fr\/consulting\/","og_locale":"fr_FR","og_type":"article","og_title":"Consulting - Coordination of construction, Expertise, Procedures","og_description":"We can help you with coordination of construction work, Right of Possession Expertise and Procedure for purchasing Real Estate","og_url":"https:\/\/nathyrealty.com\/fr\/consulting\/","og_site_name":"Nathy Realty","article_modified_time":"2024-12-12T16:04:54+00:00","twitter_card":"summary_large_image","twitter_misc":{"Dur\u00e9e de lecture estim\u00e9e":"1 minute"},"schema":{"@context":"https:\/\/schema.org","@graph":[{"@type":"WebPage","@id":"https:\/\/nathyrealty.com\/consulting\/","url":"https:\/\/nathyrealty.com\/consulting\/","name":"Consulting - Coordination of construction, Expertise, Procedures","isPartOf":{"@id":"https:\/\/nathyrealty.com\/#website"},"datePublished":"2024-07-01T17:21:41+00:00","dateModified":"2024-12-12T16:04:54+00:00","description":"We can help you with coordination of construction work, Right of Possession Expertise and Procedure for purchasing Real Estate","breadcrumb":{"@id":"https:\/\/nathyrealty.com\/consulting\/#breadcrumb"},"inLanguage":"fr-FR","potentialAction":[{"@type":"ReadAction","target":["https:\/\/nathyrealty.com\/consulting\/"]}]},{"@type":"BreadcrumbList","@id":"https:\/\/nathyrealty.com\/consulting\/#breadcrumb","itemListElement":[{"@type":"ListItem","position":1,"name":"Home","item":"https:\/\/nathyrealty.com\/"},{"@type":"ListItem","position":2,"name":"Consulting"}]},{"@type":"WebSite","@id":"https:\/\/nathyrealty.com\/#website","url":"https:\/\/nathyrealty.com\/","name":"Nathy Realty","description":"Find your place in Bocas del Toro, Panama","potentialAction":[{"@type":"SearchAction","target":{"@type":"EntryPoint","urlTemplate":"https:\/\/nathyrealty.com\/?s={search_term_string}"},"query-input":{"@type":"PropertyValueSpecification","valueRequired":true,"valueName":"search_term_string"}}],"inLanguage":"fr-FR"}]}},"_links":{"self":[{"href":"https:\/\/nathyrealty.com\/fr\/wp-json\/wp\/v2\/pages\/361","targetHints":{"allow":["GET"]}}],"collection":[{"href":"https:\/\/nathyrealty.com\/fr\/wp-json\/wp\/v2\/pages"}],"about":[{"href":"https:\/\/nathyrealty.com\/fr\/wp-json\/wp\/v2\/types\/page"}],"author":[{"embeddable":true,"href":"https:\/\/nathyrealty.com\/fr\/wp-json\/wp\/v2\/users\/1"}],"replies":[{"embeddable":true,"href":"https:\/\/nathyrealty.com\/fr\/wp-json\/wp\/v2\/comments?post=361"}],"version-history":[{"count":0,"href":"https:\/\/nathyrealty.com\/fr\/wp-json\/wp\/v2\/pages\/361\/revisions"}],"wp:attachment":[{"href":"https:\/\/nathyrealty.com\/fr\/wp-json\/wp\/v2\/media?parent=361"}],"curies":[{"name":"wp","href":"https:\/\/api.w.org\/{rel}","templated":true}]}}