{"id":339,"date":"2024-07-01T17:12:58","date_gmt":"2024-07-01T17:12:58","guid":{"rendered":"https:\/\/nathyrealty.com\/v1\/?page_id=339"},"modified":"2024-12-12T16:05:32","modified_gmt":"2024-12-12T16:05:32","slug":"about-us","status":"publish","type":"page","link":"https:\/\/nathyrealty.com\/fr\/about-us\/","title":{"rendered":"A propos de nous"},"content":{"rendered":"<div data-elementor-type=\"wp-page\" data-elementor-id=\"339\" class=\"elementor elementor-339\" data-elementor-post-type=\"page\">\n\t\t\t\t<div class=\"elementor-element elementor-element-ce37088 e-flex e-con-boxed e-con e-parent\" data-id=\"ce37088\" data-element_type=\"container\">\n\t\t\t\t\t<div class=\"e-con-inner\">\n\t\t\t\t<div class=\"elementor-element elementor-element-67b6f4f elementor-widget elementor-widget-heading\" data-id=\"67b6f4f\" data-element_type=\"widget\" data-widget_type=\"heading.default\">\n\t\t\t\t<div class=\"elementor-widget-container\">\n\t\t\t\t\t<h2 class=\"elementor-heading-title elementor-size-default\">A propos de nous<\/h2>\t\t\t\t<\/div>\n\t\t\t\t<\/div>\n\t\t\t\t\t<\/div>\n\t\t\t\t<\/div>\n\t\t<div class=\"elementor-element elementor-element-4013890 e-flex e-con-boxed e-con e-parent\" data-id=\"4013890\" data-element_type=\"container\">\n\t\t\t\t\t<div class=\"e-con-inner\">\n\t\t<div class=\"elementor-element elementor-element-532e72c e-con-full e-flex e-con e-child\" data-id=\"532e72c\" data-element_type=\"container\">\n\t\t\t\t<div class=\"elementor-element elementor-element-2d8515f elementor-widget elementor-widget-heading\" data-id=\"2d8515f\" data-element_type=\"widget\" data-widget_type=\"heading.default\">\n\t\t\t\t<div class=\"elementor-widget-container\">\n\t\t\t\t\t<h2 class=\"elementor-heading-title elementor-size-default\">Bernard<\/h2>\t\t\t\t<\/div>\n\t\t\t\t<\/div>\n\t\t\t\t<div class=\"elementor-element elementor-element-0271c77 elementor-widget elementor-widget-text-editor\" data-id=\"0271c77\" data-element_type=\"widget\" data-widget_type=\"text-editor.default\">\n\t\t\t\t<div class=\"elementor-widget-container\">\n\t\t\t\t\t\t\t\t\t<p class=\"p1\">Apr\u00e8s 15 ans en tant qu'agent immobilier au Panama, j'ai ressenti le besoin de me renouveler.<\/p><p class=\"p1\">J'ai donc d\u00e9cid\u00e9 d'arr\u00eater l'activit\u00e9 d'agent immobilier pour proposer d\u00e9sormais du conseil, notamment sur les droits de possession, et comment organiser un achat immobilier afin d'\u00e9viter les \u00e9cueils qui peuvent parfois co\u00fbter cher, si l'on ne prend pas un certain nombre de pr\u00e9cautions.<\/p><p class=\"p1\">Je mets \u00e9galement \u00e0 profit mon exp\u00e9rience de terrain pour vous donner quelques conseils utiles sur la construction, le choix des mat\u00e9riaux, le choix d'un bateau, le syst\u00e8me solaire, la r\u00e9cup\u00e9ration des eaux de pluie, les relations avec la population locale, les d\u00e9placements sur l'archipel, les autorisations et autres permis n\u00e9cessaires, et bien d'autres aspects, bref, comment aborder votre nouvelle vie.<\/p>\t\t\t\t\t\t\t\t<\/div>\n\t\t\t\t<\/div>\n\t\t\t\t<\/div>\n\t\t<div class=\"elementor-element elementor-element-826de72 e-con-full e-flex e-con e-child\" data-id=\"826de72\" data-element_type=\"container\" data-settings=\"{&quot;background_background&quot;:&quot;classic&quot;}\">\n\t\t\t\t<div class=\"elementor-element elementor-element-103641c elementor-widget elementor-widget-image\" data-id=\"103641c\" data-element_type=\"widget\" data-widget_type=\"image.default\">\n\t\t\t\t<div class=\"elementor-widget-container\">\n\t\t\t\t\t\t\t\t\t\t\t\t\t\t\t<img fetchpriority=\"high\" decoding=\"async\" width=\"767\" height=\"1024\" src=\"https:\/\/nathyrealty.com\/v1\/wp-content\/uploads\/2024\/07\/IMG_6912-1-e1720341748596-767x1024.jpg\" class=\"attachment-large size-large wp-image-458\" alt=\"\" srcset=\"https:\/\/nathyrealty.com\/v1\/wp-content\/uploads\/2024\/07\/IMG_6912-1-e1720341748596-767x1024.jpg 767w, https:\/\/nathyrealty.com\/v1\/wp-content\/uploads\/2024\/07\/IMG_6912-1-e1720341748596-225x300.jpg 225w, https:\/\/nathyrealty.com\/v1\/wp-content\/uploads\/2024\/07\/IMG_6912-1-e1720341748596-768x1025.jpg 768w, https:\/\/nathyrealty.com\/v1\/wp-content\/uploads\/2024\/07\/IMG_6912-1-e1720341748596-9x12.jpg 9w, https:\/\/nathyrealty.com\/v1\/wp-content\/uploads\/2024\/07\/IMG_6912-1-e1720341748596.jpg 1029w\" sizes=\"(max-width: 767px) 100vw, 767px\" \/>\t\t\t\t\t\t\t\t\t\t\t\t\t\t\t<\/div>\n\t\t\t\t<\/div>\n\t\t\t\t<\/div>\n\t\t<div class=\"elementor-element elementor-element-926b603 e-con-full e-flex e-con e-child\" data-id=\"926b603\" data-element_type=\"container\">\n\t\t\t\t<div class=\"elementor-element elementor-element-ef3646a elementor-widget elementor-widget-text-editor\" data-id=\"ef3646a\" data-element_type=\"widget\" data-widget_type=\"text-editor.default\">\n\t\t\t\t<div class=\"elementor-widget-container\">\n\t\t\t\t\t\t\t\t\t<p class=\"p1\">Ensuite, j'ai eu la chance de rencontrer Didier, distributeur pour la Cara\u00efbe de maisons en kit en bois, originaire d'Afrique du Sud. Il a simplement propos\u00e9 que nous travaillions ensemble pour d\u00e9velopper une distribution exclusive au Panama, et plus largement en Am\u00e9rique centrale.<\/p><p class=\"p1\">C'est ainsi que Nathy Realty n'est plus une agence immobili\u00e8re, mais devient un cabinet de conseil et distributeur de maisons en bois en Kit, pr\u00eates \u00e0 monter.<\/p><p class=\"p1\">Vous avez la possibilit\u00e9 de monter vous-m\u00eame le kit maison, que vous recevrez dans un conteneur fra\u00eechement arriv\u00e9. Mais nous pouvons \u00e9galement vous proposer une assistance \u00e0 la coordination du montage pour vous aider dans votre t\u00e2che, ou l'entreprise de montage que vous avez mandat\u00e9e.<\/p><p class=\"p1\">Enfin, Nathy Realty vous offre d\u00e9sormais la possibilit\u00e9 d'inscrire votre propri\u00e9t\u00e9 \u00e0 vendre sur notre site.<\/p><p class=\"p1\">Pour cela, envoyez-nous simplement votre description, vos photos, votre position g\u00e9ographique, vos coordonn\u00e9es, et nous mettrons votre annonce en ligne.<\/p><p class=\"p1\">Vous recevrez alors le lien unique de paiement par carte bancaire de 39,90 USD, valable jusqu'\u00e0 la vente de votre propri\u00e9t\u00e9.<\/p><p class=\"p1\">Se renouveler, c'est se remettre en question !<\/p>\t\t\t\t\t\t\t\t<\/div>\n\t\t\t\t<\/div>\n\t\t\t\t<\/div>\n\t\t\t\t\t<\/div>\n\t\t\t\t<\/div>\n\t\t<div class=\"elementor-element elementor-element-7d93003 e-flex e-con-boxed e-con e-parent\" data-id=\"7d93003\" data-element_type=\"container\">\n\t\t\t\t\t<div class=\"e-con-inner\">\n\t\t<div class=\"elementor-element elementor-element-51e5822 e-con-full e-flex e-con e-child\" data-id=\"51e5822\" data-element_type=\"container\" data-settings=\"{&quot;background_background&quot;:&quot;classic&quot;}\">\n\t\t\t\t<div class=\"elementor-element elementor-element-5f18fb8 elementor-widget elementor-widget-image\" data-id=\"5f18fb8\" data-element_type=\"widget\" data-widget_type=\"image.default\">\n\t\t\t\t<div class=\"elementor-widget-container\">\n\t\t\t\t\t\t\t\t\t\t\t\t\t\t\t<img decoding=\"async\" width=\"959\" height=\"768\" src=\"https:\/\/nathyrealty.com\/v1\/wp-content\/uploads\/2024\/07\/IMG_7022-e1729707413334.jpg\" class=\"attachment-full size-full wp-image-405\" alt=\"\" srcset=\"https:\/\/nathyrealty.com\/v1\/wp-content\/uploads\/2024\/07\/IMG_7022-e1729707413334.jpg 959w, https:\/\/nathyrealty.com\/v1\/wp-content\/uploads\/2024\/07\/IMG_7022-e1729707413334-300x240.jpg 300w, https:\/\/nathyrealty.com\/v1\/wp-content\/uploads\/2024\/07\/IMG_7022-e1729707413334-768x615.jpg 768w, https:\/\/nathyrealty.com\/v1\/wp-content\/uploads\/2024\/07\/IMG_7022-e1729707413334-15x12.jpg 15w\" sizes=\"(max-width: 959px) 100vw, 959px\" \/>\t\t\t\t\t\t\t\t\t\t\t\t\t\t\t<\/div>\n\t\t\t\t<\/div>\n\t\t\t\t<\/div>\n\t\t<div class=\"elementor-element elementor-element-11e27d5 e-con-full e-flex e-con e-child\" data-id=\"11e27d5\" data-element_type=\"container\">\n\t\t\t\t<div class=\"elementor-element elementor-element-1735122 elementor-widget elementor-widget-heading\" data-id=\"1735122\" data-element_type=\"widget\" data-widget_type=\"heading.default\">\n\t\t\t\t<div class=\"elementor-widget-container\">\n\t\t\t\t\t<h2 class=\"elementor-heading-title elementor-size-default\">Didier<\/h2>\t\t\t\t<\/div>\n\t\t\t\t<\/div>\n\t\t\t\t<div class=\"elementor-element elementor-element-5415127 elementor-widget elementor-widget-text-editor\" data-id=\"5415127\" data-element_type=\"widget\" data-widget_type=\"text-editor.default\">\n\t\t\t\t<div class=\"elementor-widget-container\">\n\t\t\t\t\t\t\t\t\t<p class=\"p1\">J'ai construit des maisons en rondins en Afrique du Sud et je suis devenu l'agent des maisons en rondins T&amp;B en 1999. Puis j'ai obtenu la seule agence de vente et de construction de ce concept unique pour les Antilles. J'\u00e9tais bas\u00e9 \u00e0 Trinidad et Tabago o\u00f9 j'ai construit 22 maisons en rondins d'une \u00e0 quatre chambres de 80 \u00e0 300 m\u00e8tres carr\u00e9s et j'ai h\u00e2te \u00e0 pr\u00e9sent de les construire au Panama et Am\u00e9rique centrale, car c'est l'environnement et le climat id\u00e9al pour ce type de construction.<\/p>\t\t\t\t\t\t\t\t<\/div>\n\t\t\t\t<\/div>\n\t\t\t\t<\/div>\n\t\t\t\t\t<\/div>\n\t\t\t\t<\/div>\n\t\t\t\t<\/div>","protected":false},"excerpt":{"rendered":"<p>Bernard After 15 years as a real estate agent in Panama, I felt the need to renew myself. I therefore decided to stop this activity to now offer consulting, especially on rights of possession, and how to organize a real estate purchase in order to avoid the pitfalls which can sometimes be expensive, if we [&hellip;]<\/p>","protected":false},"author":1,"featured_media":0,"parent":0,"menu_order":0,"comment_status":"closed","ping_status":"closed","template":"","meta":{"_acf_changed":false,"iawp_total_views":132,"footnotes":""},"class_list":["post-339","page","type-page","status-publish","hentry"],"acf":[],"yoast_head":"<!-- This site is optimized with the Yoast SEO plugin v25.7 - https:\/\/yoast.com\/wordpress\/plugins\/seo\/ -->\n<title>About Us - Nathy Realty, Trust us so we will take care of you<\/title>\n<meta name=\"description\" content=\"We are the exclusive dealers for the South African company that changed the face of timber construction worldwide. Read about our story.\" \/>\n<meta name=\"robots\" content=\"index, follow, max-snippet:-1, max-image-preview:large, max-video-preview:-1\" \/>\n<link rel=\"canonical\" href=\"https:\/\/nathyrealty.com\/fr\/about-us\/\" \/>\n<meta property=\"og:locale\" content=\"fr_FR\" \/>\n<meta property=\"og:type\" content=\"article\" \/>\n<meta property=\"og:title\" content=\"About Us - Nathy Realty, Trust us so we will take care of you\" \/>\n<meta property=\"og:description\" content=\"We are the exclusive dealers for the South African company that changed the face of timber construction worldwide. Read about our story.\" \/>\n<meta property=\"og:url\" content=\"https:\/\/nathyrealty.com\/fr\/about-us\/\" \/>\n<meta property=\"og:site_name\" content=\"Nathy Realty\" \/>\n<meta property=\"article:modified_time\" content=\"2024-12-12T16:05:32+00:00\" \/>\n<meta property=\"og:image\" content=\"https:\/\/nathyrealty.com\/v1\/wp-content\/uploads\/2024\/07\/IMG_6912-1-e1720341748596.jpg\" \/>\n\t<meta property=\"og:image:width\" content=\"1029\" \/>\n\t<meta property=\"og:image:height\" content=\"1373\" \/>\n\t<meta property=\"og:image:type\" content=\"image\/jpeg\" \/>\n<meta name=\"twitter:card\" content=\"summary_large_image\" \/>\n<meta name=\"twitter:label1\" content=\"Dur\u00e9e de lecture estim\u00e9e\" \/>\n\t<meta name=\"twitter:data1\" content=\"2 minutes\" \/>\n<script type=\"application\/ld+json\" class=\"yoast-schema-graph\">{\"@context\":\"https:\/\/schema.org\",\"@graph\":[{\"@type\":\"WebPage\",\"@id\":\"https:\/\/nathyrealty.com\/about-us\/\",\"url\":\"https:\/\/nathyrealty.com\/about-us\/\",\"name\":\"About Us - Nathy Realty, Trust us so we will take care of you\",\"isPartOf\":{\"@id\":\"https:\/\/nathyrealty.com\/#website\"},\"primaryImageOfPage\":{\"@id\":\"https:\/\/nathyrealty.com\/about-us\/#primaryimage\"},\"image\":{\"@id\":\"https:\/\/nathyrealty.com\/about-us\/#primaryimage\"},\"thumbnailUrl\":\"https:\/\/nathyrealty.com\/v1\/wp-content\/uploads\/2024\/07\/IMG_6912-1-e1720341748596-767x1024.jpg\",\"datePublished\":\"2024-07-01T17:12:58+00:00\",\"dateModified\":\"2024-12-12T16:05:32+00:00\",\"description\":\"We are the exclusive dealers for the South African company that changed the face of timber construction worldwide. Read about our story.\",\"breadcrumb\":{\"@id\":\"https:\/\/nathyrealty.com\/about-us\/#breadcrumb\"},\"inLanguage\":\"fr-FR\",\"potentialAction\":[{\"@type\":\"ReadAction\",\"target\":[\"https:\/\/nathyrealty.com\/about-us\/\"]}]},{\"@type\":\"ImageObject\",\"inLanguage\":\"fr-FR\",\"@id\":\"https:\/\/nathyrealty.com\/about-us\/#primaryimage\",\"url\":\"https:\/\/nathyrealty.com\/v1\/wp-content\/uploads\/2024\/07\/IMG_6912-1-e1720341748596-767x1024.jpg\",\"contentUrl\":\"https:\/\/nathyrealty.com\/v1\/wp-content\/uploads\/2024\/07\/IMG_6912-1-e1720341748596-767x1024.jpg\"},{\"@type\":\"BreadcrumbList\",\"@id\":\"https:\/\/nathyrealty.com\/about-us\/#breadcrumb\",\"itemListElement\":[{\"@type\":\"ListItem\",\"position\":1,\"name\":\"Home\",\"item\":\"https:\/\/nathyrealty.com\/\"},{\"@type\":\"ListItem\",\"position\":2,\"name\":\"About Us\"}]},{\"@type\":\"WebSite\",\"@id\":\"https:\/\/nathyrealty.com\/#website\",\"url\":\"https:\/\/nathyrealty.com\/\",\"name\":\"Nathy Realty\",\"description\":\"Find your place in Bocas del Toro, Panama\",\"potentialAction\":[{\"@type\":\"SearchAction\",\"target\":{\"@type\":\"EntryPoint\",\"urlTemplate\":\"https:\/\/nathyrealty.com\/?s={search_term_string}\"},\"query-input\":{\"@type\":\"PropertyValueSpecification\",\"valueRequired\":true,\"valueName\":\"search_term_string\"}}],\"inLanguage\":\"fr-FR\"}]}<\/script>\n<!-- \/ Yoast SEO plugin. -->","yoast_head_json":{"title":"About Us - Nathy Realty, Trust us so we will take care of you","description":"We are the exclusive dealers for the South African company that changed the face of timber construction worldwide. Read about our story.","robots":{"index":"index","follow":"follow","max-snippet":"max-snippet:-1","max-image-preview":"max-image-preview:large","max-video-preview":"max-video-preview:-1"},"canonical":"https:\/\/nathyrealty.com\/fr\/about-us\/","og_locale":"fr_FR","og_type":"article","og_title":"About Us - Nathy Realty, Trust us so we will take care of you","og_description":"We are the exclusive dealers for the South African company that changed the face of timber construction worldwide. Read about our story.","og_url":"https:\/\/nathyrealty.com\/fr\/about-us\/","og_site_name":"Nathy Realty","article_modified_time":"2024-12-12T16:05:32+00:00","og_image":[{"width":1029,"height":1373,"url":"https:\/\/nathyrealty.com\/v1\/wp-content\/uploads\/2024\/07\/IMG_6912-1-e1720341748596.jpg","type":"image\/jpeg"}],"twitter_card":"summary_large_image","twitter_misc":{"Dur\u00e9e de lecture estim\u00e9e":"2 minutes"},"schema":{"@context":"https:\/\/schema.org","@graph":[{"@type":"WebPage","@id":"https:\/\/nathyrealty.com\/about-us\/","url":"https:\/\/nathyrealty.com\/about-us\/","name":"About Us - Nathy Realty, Trust us so we will take care of you","isPartOf":{"@id":"https:\/\/nathyrealty.com\/#website"},"primaryImageOfPage":{"@id":"https:\/\/nathyrealty.com\/about-us\/#primaryimage"},"image":{"@id":"https:\/\/nathyrealty.com\/about-us\/#primaryimage"},"thumbnailUrl":"https:\/\/nathyrealty.com\/v1\/wp-content\/uploads\/2024\/07\/IMG_6912-1-e1720341748596-767x1024.jpg","datePublished":"2024-07-01T17:12:58+00:00","dateModified":"2024-12-12T16:05:32+00:00","description":"We are the exclusive dealers for the South African company that changed the face of timber construction worldwide. Read about our story.","breadcrumb":{"@id":"https:\/\/nathyrealty.com\/about-us\/#breadcrumb"},"inLanguage":"fr-FR","potentialAction":[{"@type":"ReadAction","target":["https:\/\/nathyrealty.com\/about-us\/"]}]},{"@type":"ImageObject","inLanguage":"fr-FR","@id":"https:\/\/nathyrealty.com\/about-us\/#primaryimage","url":"https:\/\/nathyrealty.com\/v1\/wp-content\/uploads\/2024\/07\/IMG_6912-1-e1720341748596-767x1024.jpg","contentUrl":"https:\/\/nathyrealty.com\/v1\/wp-content\/uploads\/2024\/07\/IMG_6912-1-e1720341748596-767x1024.jpg"},{"@type":"BreadcrumbList","@id":"https:\/\/nathyrealty.com\/about-us\/#breadcrumb","itemListElement":[{"@type":"ListItem","position":1,"name":"Home","item":"https:\/\/nathyrealty.com\/"},{"@type":"ListItem","position":2,"name":"About Us"}]},{"@type":"WebSite","@id":"https:\/\/nathyrealty.com\/#website","url":"https:\/\/nathyrealty.com\/","name":"Nathy Realty","description":"Find your place in Bocas del Toro, Panama","potentialAction":[{"@type":"SearchAction","target":{"@type":"EntryPoint","urlTemplate":"https:\/\/nathyrealty.com\/?s={search_term_string}"},"query-input":{"@type":"PropertyValueSpecification","valueRequired":true,"valueName":"search_term_string"}}],"inLanguage":"fr-FR"}]}},"_links":{"self":[{"href":"https:\/\/nathyrealty.com\/fr\/wp-json\/wp\/v2\/pages\/339","targetHints":{"allow":["GET"]}}],"collection":[{"href":"https:\/\/nathyrealty.com\/fr\/wp-json\/wp\/v2\/pages"}],"about":[{"href":"https:\/\/nathyrealty.com\/fr\/wp-json\/wp\/v2\/types\/page"}],"author":[{"embeddable":true,"href":"https:\/\/nathyrealty.com\/fr\/wp-json\/wp\/v2\/users\/1"}],"replies":[{"embeddable":true,"href":"https:\/\/nathyrealty.com\/fr\/wp-json\/wp\/v2\/comments?post=339"}],"version-history":[{"count":0,"href":"https:\/\/nathyrealty.com\/fr\/wp-json\/wp\/v2\/pages\/339\/revisions"}],"wp:attachment":[{"href":"https:\/\/nathyrealty.com\/fr\/wp-json\/wp\/v2\/media?parent=339"}],"curies":[{"name":"wp","href":"https:\/\/api.w.org\/{rel}","templated":true}]}}